{"id":102,"date":"2014-08-28T11:43:58","date_gmt":"2014-08-28T09:43:58","guid":{"rendered":"http:\/\/krankengymnastik-flensburg.de\/cms\/?page_id=102"},"modified":"2015-01-16T14:42:42","modified_gmt":"2015-01-16T12:42:42","slug":"osteopathische-techniken","status":"publish","type":"page","link":"http:\/\/krankengymnastik-flensburg.de\/physio\/osteopathische-techniken\/","title":{"rendered":"Osteopathische Techniken"},"content":{"rendered":"<p>Der Begriff Osteopathie leitet sich von den griechischen W\u00f6rtern f\u00fcr Knochen und Leiden ab und beschreibt Methoden aus dem Bereich der Alternativmedizin.<\/p>\n<p>Der theoretische Unterbau der Osteopathie basiert auf der Annahme, dass der menschliche K\u00f6rper als Funktionseinheit zu betrachten und grunds\u00e4tzlich zur Selbstregulierung f\u00e4hig ist. Es wird davon ausgegangen, dass alle K\u00f6rperfunktionen von der Versorgung durch das Nerven- und Gef\u00e4\u00dfsystem abh\u00e4ngig sind und dass eine nachhaltige Heilung nur durch Aktivierung und Unterst\u00fcrzung der<span class=\"Apple-converted-space\"> k\u00f6rpereigenen <\/span>Selbstheilungskr\u00e4fte m\u00f6glich ist.<\/p>\n<p>Man unterscheidet in der Osteopathie drei Bereiche:<\/p>\n<ul>\n<li>die Parietale Osteopathie, welche sich auf die Knochen und Gelenke, Muskeln und Faszien konzentriert,<\/li>\n<li>die Viszerale Osteopathie hat als Schwerpunkt die Behandlung der inneren Organe und<\/li>\n<li>die craniosakrale Osteopathie nach Sutherland, welche \u00fcber die Behandlung des Sch\u00e4delknochens Blockaden l\u00f6sen kann.<\/li>\n<\/ul>\n<p>&nbsp;<\/p>\n<p>&nbsp;<\/p>\n","protected":false},"excerpt":{"rendered":"<p class=\"excerpt\">Der Begriff Osteopathie leitet sich von den griechischen W\u00f6rtern f\u00fcr Knochen und Leiden ab und beschreibt Methoden aus dem Bereich der Alternativmedizin. Der theoretische Unterbau der Osteopathie basiert auf der Annahme, dass der menschliche K\u00f6rper als Funktionseinheit zu betrachten und grunds\u00e4tzlich zur Selbstregulierung f\u00e4hig ist. Es wird davon ausgegangen, dass alle K\u00f6rperfunktionen von der Versorgung durch das Nerven- und Gef\u00e4\u00dfsystem&hellip; <a href=\"http:\/\/krankengymnastik-flensburg.de\/physio\/osteopathische-techniken\/\">weiterlesen &rarr;<\/a><\/p>\n","protected":false},"author":1,"featured_media":0,"parent":0,"menu_order":0,"comment_status":"closed","ping_status":"closed","template":"","meta":[],"yoast_head":"<!-- This site is optimized with the Yoast SEO plugin v17.1 - https:\/\/yoast.com\/wordpress\/plugins\/seo\/ -->\n<meta name=\"robots\" content=\"index, follow, max-snippet:-1, max-image-preview:large, max-video-preview:-1\" \/>\n<link rel=\"canonical\" href=\"http:\/\/krankengymnastik-flensburg.de\/physio\/osteopathische-techniken\/\" \/>\n<meta property=\"og:locale\" content=\"de_DE\" \/>\n<meta property=\"og:type\" content=\"article\" \/>\n<meta property=\"og:title\" content=\"Osteopathische Techniken - Physiotherapie Gorm Larsen\" \/>\n<meta property=\"og:description\" content=\"Der Begriff Osteopathie leitet sich von den griechischen W\u00f6rtern f\u00fcr Knochen und Leiden ab und beschreibt Methoden aus dem Bereich der Alternativmedizin. Der theoretische Unterbau der Osteopathie basiert auf der Annahme, dass der menschliche K\u00f6rper als Funktionseinheit zu betrachten und grunds\u00e4tzlich zur Selbstregulierung f\u00e4hig ist. Es wird davon ausgegangen, dass alle K\u00f6rperfunktionen von der Versorgung durch das Nerven- und Gef\u00e4\u00dfsystem&hellip; weiterlesen &rarr;\" \/>\n<meta property=\"og:url\" content=\"http:\/\/krankengymnastik-flensburg.de\/physio\/osteopathische-techniken\/\" \/>\n<meta property=\"og:site_name\" content=\"Physiotherapie Gorm Larsen\" \/>\n<meta property=\"article:modified_time\" content=\"2015-01-16T12:42:42+00:00\" \/>\n<meta name=\"twitter:label1\" content=\"Gesch\u00e4tzte Lesezeit\" \/>\n\t<meta name=\"twitter:data1\" content=\"1\u00a0Minute\" \/>\n<script type=\"application\/ld+json\" class=\"yoast-schema-graph\">{\"@context\":\"https:\/\/schema.org\",\"@graph\":[{\"@type\":\"WebSite\",\"@id\":\"http:\/\/krankengymnastik-flensburg.de\/physio\/#website\",\"url\":\"http:\/\/krankengymnastik-flensburg.de\/physio\/\",\"name\":\"Physiotherapie Gorm Larsen\",\"description\":\"Krankengymnastik Flensburg\",\"potentialAction\":[{\"@type\":\"SearchAction\",\"target\":{\"@type\":\"EntryPoint\",\"urlTemplate\":\"http:\/\/krankengymnastik-flensburg.de\/physio\/?s={search_term_string}\"},\"query-input\":\"required name=search_term_string\"}],\"inLanguage\":\"de\"},{\"@type\":\"WebPage\",\"@id\":\"http:\/\/krankengymnastik-flensburg.de\/physio\/osteopathische-techniken\/#webpage\",\"url\":\"http:\/\/krankengymnastik-flensburg.de\/physio\/osteopathische-techniken\/\",\"name\":\"Osteopathische Techniken - Physiotherapie Gorm Larsen\",\"isPartOf\":{\"@id\":\"http:\/\/krankengymnastik-flensburg.de\/physio\/#website\"},\"datePublished\":\"2014-08-28T09:43:58+00:00\",\"dateModified\":\"2015-01-16T12:42:42+00:00\",\"breadcrumb\":{\"@id\":\"http:\/\/krankengymnastik-flensburg.de\/physio\/osteopathische-techniken\/#breadcrumb\"},\"inLanguage\":\"de\",\"potentialAction\":[{\"@type\":\"ReadAction\",\"target\":[\"http:\/\/krankengymnastik-flensburg.de\/physio\/osteopathische-techniken\/\"]}]},{\"@type\":\"BreadcrumbList\",\"@id\":\"http:\/\/krankengymnastik-flensburg.de\/physio\/osteopathische-techniken\/#breadcrumb\",\"itemListElement\":[{\"@type\":\"ListItem\",\"position\":1,\"name\":\"Home\",\"item\":\"http:\/\/krankengymnastik-flensburg.de\/physio\/\"},{\"@type\":\"ListItem\",\"position\":2,\"name\":\"Osteopathische Techniken\"}]}]}<\/script>\n<!-- \/ Yoast SEO plugin. -->","yoast_head_json":{"robots":{"index":"index","follow":"follow","max-snippet":"max-snippet:-1","max-image-preview":"max-image-preview:large","max-video-preview":"max-video-preview:-1"},"canonical":"http:\/\/krankengymnastik-flensburg.de\/physio\/osteopathische-techniken\/","og_locale":"de_DE","og_type":"article","og_title":"Osteopathische Techniken - Physiotherapie Gorm Larsen","og_description":"Der Begriff Osteopathie leitet sich von den griechischen W\u00f6rtern f\u00fcr Knochen und Leiden ab und beschreibt Methoden aus dem Bereich der Alternativmedizin. Der theoretische Unterbau der Osteopathie basiert auf der Annahme, dass der menschliche K\u00f6rper als Funktionseinheit zu betrachten und grunds\u00e4tzlich zur Selbstregulierung f\u00e4hig ist. Es wird davon ausgegangen, dass alle K\u00f6rperfunktionen von der Versorgung durch das Nerven- und Gef\u00e4\u00dfsystem&hellip; weiterlesen &rarr;","og_url":"http:\/\/krankengymnastik-flensburg.de\/physio\/osteopathische-techniken\/","og_site_name":"Physiotherapie Gorm Larsen","article_modified_time":"2015-01-16T12:42:42+00:00","twitter_misc":{"Gesch\u00e4tzte Lesezeit":"1\u00a0Minute"},"schema":{"@context":"https:\/\/schema.org","@graph":[{"@type":"WebSite","@id":"http:\/\/krankengymnastik-flensburg.de\/physio\/#website","url":"http:\/\/krankengymnastik-flensburg.de\/physio\/","name":"Physiotherapie Gorm Larsen","description":"Krankengymnastik Flensburg","potentialAction":[{"@type":"SearchAction","target":{"@type":"EntryPoint","urlTemplate":"http:\/\/krankengymnastik-flensburg.de\/physio\/?s={search_term_string}"},"query-input":"required name=search_term_string"}],"inLanguage":"de"},{"@type":"WebPage","@id":"http:\/\/krankengymnastik-flensburg.de\/physio\/osteopathische-techniken\/#webpage","url":"http:\/\/krankengymnastik-flensburg.de\/physio\/osteopathische-techniken\/","name":"Osteopathische Techniken - Physiotherapie Gorm Larsen","isPartOf":{"@id":"http:\/\/krankengymnastik-flensburg.de\/physio\/#website"},"datePublished":"2014-08-28T09:43:58+00:00","dateModified":"2015-01-16T12:42:42+00:00","breadcrumb":{"@id":"http:\/\/krankengymnastik-flensburg.de\/physio\/osteopathische-techniken\/#breadcrumb"},"inLanguage":"de","potentialAction":[{"@type":"ReadAction","target":["http:\/\/krankengymnastik-flensburg.de\/physio\/osteopathische-techniken\/"]}]},{"@type":"BreadcrumbList","@id":"http:\/\/krankengymnastik-flensburg.de\/physio\/osteopathische-techniken\/#breadcrumb","itemListElement":[{"@type":"ListItem","position":1,"name":"Home","item":"http:\/\/krankengymnastik-flensburg.de\/physio\/"},{"@type":"ListItem","position":2,"name":"Osteopathische Techniken"}]}]}},"_links":{"self":[{"href":"http:\/\/krankengymnastik-flensburg.de\/physio\/wp-json\/wp\/v2\/pages\/102"}],"collection":[{"href":"http:\/\/krankengymnastik-flensburg.de\/physio\/wp-json\/wp\/v2\/pages"}],"about":[{"href":"http:\/\/krankengymnastik-flensburg.de\/physio\/wp-json\/wp\/v2\/types\/page"}],"author":[{"embeddable":true,"href":"http:\/\/krankengymnastik-flensburg.de\/physio\/wp-json\/wp\/v2\/users\/1"}],"replies":[{"embeddable":true,"href":"http:\/\/krankengymnastik-flensburg.de\/physio\/wp-json\/wp\/v2\/comments?post=102"}],"version-history":[{"count":5,"href":"http:\/\/krankengymnastik-flensburg.de\/physio\/wp-json\/wp\/v2\/pages\/102\/revisions"}],"predecessor-version":[{"id":350,"href":"http:\/\/krankengymnastik-flensburg.de\/physio\/wp-json\/wp\/v2\/pages\/102\/revisions\/350"}],"wp:attachment":[{"href":"http:\/\/krankengymnastik-flensburg.de\/physio\/wp-json\/wp\/v2\/media?parent=102"}],"curies":[{"name":"wp","href":"https:\/\/api.w.org\/{rel}","templated":true}]}}