{"id":31,"date":"2014-08-20T16:42:54","date_gmt":"2014-08-20T14:42:54","guid":{"rendered":"http:\/\/krankengymnastik-flensburg.de\/cms\/?page_id=31"},"modified":"2022-11-15T20:25:51","modified_gmt":"2022-11-15T18:25:51","slug":"manuelle-therapie","status":"publish","type":"page","link":"http:\/\/krankengymnastik-flensburg.de\/physio\/manuelle-therapie\/","title":{"rendered":"Manuelle Therapie (MT)"},"content":{"rendered":"<h2>Befundung und Behandlung per Hand<\/h2>\n<p>Manuelle TherapieDie Manuelle Therapie in der Krankengymnastik umfasst verschiedene Techniken, welche sowohl der Diagnostik als auch der Therapie dienen. Der erfahrene Physiotherapeut kann mittels spezieller Handgriffe St\u00f6rungen in Gelenken und der Wirbels\u00e4ule orten und analysieren.<\/p>\n<p>Dieser so gewonnene Befund ist Basis f\u00fcr eine sich anschlie\u00dfende Behandlung, die oft mit Methoden der manuellen Therapie durchgef\u00fchrt wird. Hierbei kommen Techniken zur Anwendung, welche den jeweiligen Beschwerden angepasst sind. Ziel ist sowohl die Linderung von Schmerzen als auch eine Mobilisation der betroffenen K\u00f6rperregionen.<\/p>\n<h3>Behandlung mittels Manueller Therapie<\/h3>\n<p>Es kommen verschiedene Techniken zur Anwendung, darunter z.B.<\/p>\n<ul>\n<li><strong>Gleittechnik<\/strong>, bei welcher mittels gleichm\u00e4\u00dfiger und -gerichteter Bewegung der Gelenkfl\u00e4chenpaare das Gelenkspiel verbessert wird,<\/li>\n<li><strong>Traktionstechnik<\/strong>, die durch leichtes Ziehen die Gelenkfl\u00e4chen voneinander trennt und so die Gelenkkapsel entlastet und Schmerz gelindert wird,<\/li>\n<li><strong>Entspannungstechniken<\/strong>, die prim\u00e4r auf die Verbesserung des Zustandes von Muskulatur und assoziierten Nerven zielen.<\/li>\n<\/ul>\n<p>Die Manuelle Therapie bedient sich sowohl passiver Techniken als auch aktiver \u00dcbungen Zum einen werden blockierte oder eingeschr\u00e4nkte Gelenke von geschulten Physiotherapeuten mithilfe sanfter Techniken mobilisiert, zum anderen k\u00f6nnen durch individuelle \u00dcbungen instabile Gelenke stabilisiert werden. Ziel des Behandlungskonzeptes: Wiederherstellung des Zusammenspieles zwischen Gelenken, Muskeln und Nerven.<\/p>\n<p>Die manuelle Therapie darf nur von speziell ausgebildeten Physiotherapeuten erfolgen. Erst nach erfolgreichem Abschluss einer Weiterbildung mit einem Umfang von wenigstens 400 Unterrichtseinheiten darf die Manuelle Therapie mit den Leistungstr\u00e4gern abgerechnet werden.<\/p>\n<p>Haben Sie Fragen zur Manuellen Therapie, so rufen Sie uns an, wir helfen Ihnen gerne weiter.<\/p>\n","protected":false},"excerpt":{"rendered":"<p class=\"excerpt\">Befundung und Behandlung per Hand Manuelle TherapieDie Manuelle Therapie in der Krankengymnastik umfasst verschiedene Techniken, welche sowohl der Diagnostik als auch der Therapie dienen. Der erfahrene Physiotherapeut kann mittels spezieller Handgriffe St\u00f6rungen in Gelenken und der Wirbels\u00e4ule orten und analysieren. Dieser so gewonnene Befund ist Basis f\u00fcr eine sich anschlie\u00dfende Behandlung, die oft mit Methoden der manuellen Therapie durchgef\u00fchrt wird.&hellip; <a href=\"http:\/\/krankengymnastik-flensburg.de\/physio\/manuelle-therapie\/\">weiterlesen &rarr;<\/a><\/p>\n","protected":false},"author":1,"featured_media":0,"parent":0,"menu_order":0,"comment_status":"closed","ping_status":"closed","template":"","meta":[],"yoast_head":"<!-- This site is optimized with the Yoast SEO plugin v17.1 - https:\/\/yoast.com\/wordpress\/plugins\/seo\/ -->\n<meta name=\"robots\" content=\"index, follow, max-snippet:-1, max-image-preview:large, max-video-preview:-1\" \/>\n<link rel=\"canonical\" href=\"http:\/\/krankengymnastik-flensburg.de\/physio\/manuelle-therapie\/\" \/>\n<meta property=\"og:locale\" content=\"de_DE\" \/>\n<meta property=\"og:type\" content=\"article\" \/>\n<meta property=\"og:title\" content=\"Manuelle Therapie (MT) - Physiotherapie Gorm Larsen\" \/>\n<meta property=\"og:description\" content=\"Befundung und Behandlung per Hand Manuelle TherapieDie Manuelle Therapie in der Krankengymnastik umfasst verschiedene Techniken, welche sowohl der Diagnostik als auch der Therapie dienen. Der erfahrene Physiotherapeut kann mittels spezieller Handgriffe St\u00f6rungen in Gelenken und der Wirbels\u00e4ule orten und analysieren. Dieser so gewonnene Befund ist Basis f\u00fcr eine sich anschlie\u00dfende Behandlung, die oft mit Methoden der manuellen Therapie durchgef\u00fchrt wird.&hellip; weiterlesen &rarr;\" \/>\n<meta property=\"og:url\" content=\"http:\/\/krankengymnastik-flensburg.de\/physio\/manuelle-therapie\/\" \/>\n<meta property=\"og:site_name\" content=\"Physiotherapie Gorm Larsen\" \/>\n<meta property=\"article:modified_time\" content=\"2022-11-15T18:25:51+00:00\" \/>\n<meta name=\"twitter:label1\" content=\"Gesch\u00e4tzte Lesezeit\" \/>\n\t<meta name=\"twitter:data1\" content=\"2\u00a0Minuten\" \/>\n<script type=\"application\/ld+json\" class=\"yoast-schema-graph\">{\"@context\":\"https:\/\/schema.org\",\"@graph\":[{\"@type\":\"WebSite\",\"@id\":\"http:\/\/krankengymnastik-flensburg.de\/physio\/#website\",\"url\":\"http:\/\/krankengymnastik-flensburg.de\/physio\/\",\"name\":\"Physiotherapie Gorm Larsen\",\"description\":\"Krankengymnastik Flensburg\",\"potentialAction\":[{\"@type\":\"SearchAction\",\"target\":{\"@type\":\"EntryPoint\",\"urlTemplate\":\"http:\/\/krankengymnastik-flensburg.de\/physio\/?s={search_term_string}\"},\"query-input\":\"required name=search_term_string\"}],\"inLanguage\":\"de\"},{\"@type\":\"WebPage\",\"@id\":\"http:\/\/krankengymnastik-flensburg.de\/physio\/manuelle-therapie\/#webpage\",\"url\":\"http:\/\/krankengymnastik-flensburg.de\/physio\/manuelle-therapie\/\",\"name\":\"Manuelle Therapie (MT) - Physiotherapie Gorm Larsen\",\"isPartOf\":{\"@id\":\"http:\/\/krankengymnastik-flensburg.de\/physio\/#website\"},\"datePublished\":\"2014-08-20T14:42:54+00:00\",\"dateModified\":\"2022-11-15T18:25:51+00:00\",\"breadcrumb\":{\"@id\":\"http:\/\/krankengymnastik-flensburg.de\/physio\/manuelle-therapie\/#breadcrumb\"},\"inLanguage\":\"de\",\"potentialAction\":[{\"@type\":\"ReadAction\",\"target\":[\"http:\/\/krankengymnastik-flensburg.de\/physio\/manuelle-therapie\/\"]}]},{\"@type\":\"BreadcrumbList\",\"@id\":\"http:\/\/krankengymnastik-flensburg.de\/physio\/manuelle-therapie\/#breadcrumb\",\"itemListElement\":[{\"@type\":\"ListItem\",\"position\":1,\"name\":\"Home\",\"item\":\"http:\/\/krankengymnastik-flensburg.de\/physio\/\"},{\"@type\":\"ListItem\",\"position\":2,\"name\":\"Manuelle Therapie (MT)\"}]}]}<\/script>\n<!-- \/ Yoast SEO plugin. -->","yoast_head_json":{"robots":{"index":"index","follow":"follow","max-snippet":"max-snippet:-1","max-image-preview":"max-image-preview:large","max-video-preview":"max-video-preview:-1"},"canonical":"http:\/\/krankengymnastik-flensburg.de\/physio\/manuelle-therapie\/","og_locale":"de_DE","og_type":"article","og_title":"Manuelle Therapie (MT) - Physiotherapie Gorm Larsen","og_description":"Befundung und Behandlung per Hand Manuelle TherapieDie Manuelle Therapie in der Krankengymnastik umfasst verschiedene Techniken, welche sowohl der Diagnostik als auch der Therapie dienen. Der erfahrene Physiotherapeut kann mittels spezieller Handgriffe St\u00f6rungen in Gelenken und der Wirbels\u00e4ule orten und analysieren. Dieser so gewonnene Befund ist Basis f\u00fcr eine sich anschlie\u00dfende Behandlung, die oft mit Methoden der manuellen Therapie durchgef\u00fchrt wird.&hellip; weiterlesen &rarr;","og_url":"http:\/\/krankengymnastik-flensburg.de\/physio\/manuelle-therapie\/","og_site_name":"Physiotherapie Gorm Larsen","article_modified_time":"2022-11-15T18:25:51+00:00","twitter_misc":{"Gesch\u00e4tzte Lesezeit":"2\u00a0Minuten"},"schema":{"@context":"https:\/\/schema.org","@graph":[{"@type":"WebSite","@id":"http:\/\/krankengymnastik-flensburg.de\/physio\/#website","url":"http:\/\/krankengymnastik-flensburg.de\/physio\/","name":"Physiotherapie Gorm Larsen","description":"Krankengymnastik Flensburg","potentialAction":[{"@type":"SearchAction","target":{"@type":"EntryPoint","urlTemplate":"http:\/\/krankengymnastik-flensburg.de\/physio\/?s={search_term_string}"},"query-input":"required name=search_term_string"}],"inLanguage":"de"},{"@type":"WebPage","@id":"http:\/\/krankengymnastik-flensburg.de\/physio\/manuelle-therapie\/#webpage","url":"http:\/\/krankengymnastik-flensburg.de\/physio\/manuelle-therapie\/","name":"Manuelle Therapie (MT) - Physiotherapie Gorm Larsen","isPartOf":{"@id":"http:\/\/krankengymnastik-flensburg.de\/physio\/#website"},"datePublished":"2014-08-20T14:42:54+00:00","dateModified":"2022-11-15T18:25:51+00:00","breadcrumb":{"@id":"http:\/\/krankengymnastik-flensburg.de\/physio\/manuelle-therapie\/#breadcrumb"},"inLanguage":"de","potentialAction":[{"@type":"ReadAction","target":["http:\/\/krankengymnastik-flensburg.de\/physio\/manuelle-therapie\/"]}]},{"@type":"BreadcrumbList","@id":"http:\/\/krankengymnastik-flensburg.de\/physio\/manuelle-therapie\/#breadcrumb","itemListElement":[{"@type":"ListItem","position":1,"name":"Home","item":"http:\/\/krankengymnastik-flensburg.de\/physio\/"},{"@type":"ListItem","position":2,"name":"Manuelle Therapie (MT)"}]}]}},"_links":{"self":[{"href":"http:\/\/krankengymnastik-flensburg.de\/physio\/wp-json\/wp\/v2\/pages\/31"}],"collection":[{"href":"http:\/\/krankengymnastik-flensburg.de\/physio\/wp-json\/wp\/v2\/pages"}],"about":[{"href":"http:\/\/krankengymnastik-flensburg.de\/physio\/wp-json\/wp\/v2\/types\/page"}],"author":[{"embeddable":true,"href":"http:\/\/krankengymnastik-flensburg.de\/physio\/wp-json\/wp\/v2\/users\/1"}],"replies":[{"embeddable":true,"href":"http:\/\/krankengymnastik-flensburg.de\/physio\/wp-json\/wp\/v2\/comments?post=31"}],"version-history":[{"count":12,"href":"http:\/\/krankengymnastik-flensburg.de\/physio\/wp-json\/wp\/v2\/pages\/31\/revisions"}],"predecessor-version":[{"id":1010,"href":"http:\/\/krankengymnastik-flensburg.de\/physio\/wp-json\/wp\/v2\/pages\/31\/revisions\/1010"}],"wp:attachment":[{"href":"http:\/\/krankengymnastik-flensburg.de\/physio\/wp-json\/wp\/v2\/media?parent=31"}],"curies":[{"name":"wp","href":"https:\/\/api.w.org\/{rel}","templated":true}]}}