{"id":37,"date":"2014-08-20T16:43:33","date_gmt":"2014-08-20T14:43:33","guid":{"rendered":"http:\/\/krankengymnastik-flensburg.de\/cms\/?page_id=37"},"modified":"2022-11-15T20:29:04","modified_gmt":"2022-11-15T18:29:04","slug":"krankengymnastik-im-schlingertisch","status":"publish","type":"page","link":"http:\/\/krankengymnastik-flensburg.de\/physio\/krankengymnastik-im-schlingertisch\/","title":{"rendered":"Krankengymnastik im Schlingentisch"},"content":{"rendered":"<h2>Schonendes Training<\/h2>\n<p>Die Behandlung mittels Schlingentisch wird meist in Kombination mit anderen Therapien angewendet, wie z.B. den <a title=\"Manuelle Therapie\" href=\"http:\/\/krankengymnastik-flensburg.de\/cms\/manuelle-therapie\/\">Methoden der manuellen Therapie<\/a>.<\/p>\n<p>Bei der Behandlung auf dem Schlingentisch liegen Sie bequem auf einer speziellen Liege. Ihr Oberk\u00f6rper, Becken und Beine sind in Tuchschlingen gelagert, welche an einem Gestell \u00fcber der Liege justierbar befestigt sind. Sie lassen sich so durch Schlingen unterst\u00fctzt leicht und gezielt bewegen, was eine schonende Lokalisierung und Behandlung von Schmerzpunkten und Blockaden erm\u00f6glicht. Die Behandlung mittels Schlingentisch f\u00fchrt nicht selten zu einer schnellen Schmerzlinderung.<\/p>\n<p>Neben Befundung und Behandlung kommt der Schlingentisch auch f\u00fcr das Training von allt\u00e4glichen Bewegungsabl\u00e4ufen zum Einsatz, welche z.B. nach einer Operation wieder gelernt und gefestigt werden sollen.<\/p>\n","protected":false},"excerpt":{"rendered":"<p class=\"excerpt\">Schonendes Training Die Behandlung mittels Schlingentisch wird meist in Kombination mit anderen Therapien angewendet, wie z.B. den Methoden der manuellen Therapie. Bei der Behandlung auf dem Schlingentisch liegen Sie bequem auf einer speziellen Liege. Ihr Oberk\u00f6rper, Becken und Beine sind in Tuchschlingen gelagert, welche an einem Gestell \u00fcber der Liege justierbar befestigt sind. Sie lassen sich so durch Schlingen unterst\u00fctzt&hellip; <a href=\"http:\/\/krankengymnastik-flensburg.de\/physio\/krankengymnastik-im-schlingertisch\/\">weiterlesen &rarr;<\/a><\/p>\n","protected":false},"author":1,"featured_media":0,"parent":0,"menu_order":0,"comment_status":"closed","ping_status":"closed","template":"","meta":[],"yoast_head":"<!-- This site is optimized with the Yoast SEO plugin v17.1 - https:\/\/yoast.com\/wordpress\/plugins\/seo\/ -->\n<meta name=\"robots\" content=\"index, follow, max-snippet:-1, max-image-preview:large, max-video-preview:-1\" \/>\n<link rel=\"canonical\" href=\"http:\/\/krankengymnastik-flensburg.de\/physio\/krankengymnastik-im-schlingertisch\/\" \/>\n<meta property=\"og:locale\" content=\"de_DE\" \/>\n<meta property=\"og:type\" content=\"article\" \/>\n<meta property=\"og:title\" content=\"Krankengymnastik im Schlingentisch - Physiotherapie Gorm Larsen\" \/>\n<meta property=\"og:description\" content=\"Schonendes Training Die Behandlung mittels Schlingentisch wird meist in Kombination mit anderen Therapien angewendet, wie z.B. den Methoden der manuellen Therapie. Bei der Behandlung auf dem Schlingentisch liegen Sie bequem auf einer speziellen Liege. Ihr Oberk\u00f6rper, Becken und Beine sind in Tuchschlingen gelagert, welche an einem Gestell \u00fcber der Liege justierbar befestigt sind. Sie lassen sich so durch Schlingen unterst\u00fctzt&hellip; weiterlesen &rarr;\" \/>\n<meta property=\"og:url\" content=\"http:\/\/krankengymnastik-flensburg.de\/physio\/krankengymnastik-im-schlingertisch\/\" \/>\n<meta property=\"og:site_name\" content=\"Physiotherapie Gorm Larsen\" \/>\n<meta property=\"article:modified_time\" content=\"2022-11-15T18:29:04+00:00\" \/>\n<meta name=\"twitter:label1\" content=\"Gesch\u00e4tzte Lesezeit\" \/>\n\t<meta name=\"twitter:data1\" content=\"1\u00a0Minute\" \/>\n<script type=\"application\/ld+json\" class=\"yoast-schema-graph\">{\"@context\":\"https:\/\/schema.org\",\"@graph\":[{\"@type\":\"WebSite\",\"@id\":\"http:\/\/krankengymnastik-flensburg.de\/physio\/#website\",\"url\":\"http:\/\/krankengymnastik-flensburg.de\/physio\/\",\"name\":\"Physiotherapie Gorm Larsen\",\"description\":\"Krankengymnastik Flensburg\",\"potentialAction\":[{\"@type\":\"SearchAction\",\"target\":{\"@type\":\"EntryPoint\",\"urlTemplate\":\"http:\/\/krankengymnastik-flensburg.de\/physio\/?s={search_term_string}\"},\"query-input\":\"required name=search_term_string\"}],\"inLanguage\":\"de\"},{\"@type\":\"WebPage\",\"@id\":\"http:\/\/krankengymnastik-flensburg.de\/physio\/krankengymnastik-im-schlingertisch\/#webpage\",\"url\":\"http:\/\/krankengymnastik-flensburg.de\/physio\/krankengymnastik-im-schlingertisch\/\",\"name\":\"Krankengymnastik im Schlingentisch - Physiotherapie Gorm Larsen\",\"isPartOf\":{\"@id\":\"http:\/\/krankengymnastik-flensburg.de\/physio\/#website\"},\"datePublished\":\"2014-08-20T14:43:33+00:00\",\"dateModified\":\"2022-11-15T18:29:04+00:00\",\"breadcrumb\":{\"@id\":\"http:\/\/krankengymnastik-flensburg.de\/physio\/krankengymnastik-im-schlingertisch\/#breadcrumb\"},\"inLanguage\":\"de\",\"potentialAction\":[{\"@type\":\"ReadAction\",\"target\":[\"http:\/\/krankengymnastik-flensburg.de\/physio\/krankengymnastik-im-schlingertisch\/\"]}]},{\"@type\":\"BreadcrumbList\",\"@id\":\"http:\/\/krankengymnastik-flensburg.de\/physio\/krankengymnastik-im-schlingertisch\/#breadcrumb\",\"itemListElement\":[{\"@type\":\"ListItem\",\"position\":1,\"name\":\"Home\",\"item\":\"http:\/\/krankengymnastik-flensburg.de\/physio\/\"},{\"@type\":\"ListItem\",\"position\":2,\"name\":\"Krankengymnastik im Schlingentisch\"}]}]}<\/script>\n<!-- \/ Yoast SEO plugin. -->","yoast_head_json":{"robots":{"index":"index","follow":"follow","max-snippet":"max-snippet:-1","max-image-preview":"max-image-preview:large","max-video-preview":"max-video-preview:-1"},"canonical":"http:\/\/krankengymnastik-flensburg.de\/physio\/krankengymnastik-im-schlingertisch\/","og_locale":"de_DE","og_type":"article","og_title":"Krankengymnastik im Schlingentisch - Physiotherapie Gorm Larsen","og_description":"Schonendes Training Die Behandlung mittels Schlingentisch wird meist in Kombination mit anderen Therapien angewendet, wie z.B. den Methoden der manuellen Therapie. Bei der Behandlung auf dem Schlingentisch liegen Sie bequem auf einer speziellen Liege. Ihr Oberk\u00f6rper, Becken und Beine sind in Tuchschlingen gelagert, welche an einem Gestell \u00fcber der Liege justierbar befestigt sind. Sie lassen sich so durch Schlingen unterst\u00fctzt&hellip; weiterlesen &rarr;","og_url":"http:\/\/krankengymnastik-flensburg.de\/physio\/krankengymnastik-im-schlingertisch\/","og_site_name":"Physiotherapie Gorm Larsen","article_modified_time":"2022-11-15T18:29:04+00:00","twitter_misc":{"Gesch\u00e4tzte Lesezeit":"1\u00a0Minute"},"schema":{"@context":"https:\/\/schema.org","@graph":[{"@type":"WebSite","@id":"http:\/\/krankengymnastik-flensburg.de\/physio\/#website","url":"http:\/\/krankengymnastik-flensburg.de\/physio\/","name":"Physiotherapie Gorm Larsen","description":"Krankengymnastik Flensburg","potentialAction":[{"@type":"SearchAction","target":{"@type":"EntryPoint","urlTemplate":"http:\/\/krankengymnastik-flensburg.de\/physio\/?s={search_term_string}"},"query-input":"required name=search_term_string"}],"inLanguage":"de"},{"@type":"WebPage","@id":"http:\/\/krankengymnastik-flensburg.de\/physio\/krankengymnastik-im-schlingertisch\/#webpage","url":"http:\/\/krankengymnastik-flensburg.de\/physio\/krankengymnastik-im-schlingertisch\/","name":"Krankengymnastik im Schlingentisch - Physiotherapie Gorm Larsen","isPartOf":{"@id":"http:\/\/krankengymnastik-flensburg.de\/physio\/#website"},"datePublished":"2014-08-20T14:43:33+00:00","dateModified":"2022-11-15T18:29:04+00:00","breadcrumb":{"@id":"http:\/\/krankengymnastik-flensburg.de\/physio\/krankengymnastik-im-schlingertisch\/#breadcrumb"},"inLanguage":"de","potentialAction":[{"@type":"ReadAction","target":["http:\/\/krankengymnastik-flensburg.de\/physio\/krankengymnastik-im-schlingertisch\/"]}]},{"@type":"BreadcrumbList","@id":"http:\/\/krankengymnastik-flensburg.de\/physio\/krankengymnastik-im-schlingertisch\/#breadcrumb","itemListElement":[{"@type":"ListItem","position":1,"name":"Home","item":"http:\/\/krankengymnastik-flensburg.de\/physio\/"},{"@type":"ListItem","position":2,"name":"Krankengymnastik im Schlingentisch"}]}]}},"_links":{"self":[{"href":"http:\/\/krankengymnastik-flensburg.de\/physio\/wp-json\/wp\/v2\/pages\/37"}],"collection":[{"href":"http:\/\/krankengymnastik-flensburg.de\/physio\/wp-json\/wp\/v2\/pages"}],"about":[{"href":"http:\/\/krankengymnastik-flensburg.de\/physio\/wp-json\/wp\/v2\/types\/page"}],"author":[{"embeddable":true,"href":"http:\/\/krankengymnastik-flensburg.de\/physio\/wp-json\/wp\/v2\/users\/1"}],"replies":[{"embeddable":true,"href":"http:\/\/krankengymnastik-flensburg.de\/physio\/wp-json\/wp\/v2\/comments?post=37"}],"version-history":[{"count":15,"href":"http:\/\/krankengymnastik-flensburg.de\/physio\/wp-json\/wp\/v2\/pages\/37\/revisions"}],"predecessor-version":[{"id":1012,"href":"http:\/\/krankengymnastik-flensburg.de\/physio\/wp-json\/wp\/v2\/pages\/37\/revisions\/1012"}],"wp:attachment":[{"href":"http:\/\/krankengymnastik-flensburg.de\/physio\/wp-json\/wp\/v2\/media?parent=37"}],"curies":[{"name":"wp","href":"https:\/\/api.w.org\/{rel}","templated":true}]}}