{"id":427,"date":"2015-01-19T19:01:32","date_gmt":"2015-01-19T17:01:32","guid":{"rendered":"http:\/\/krankengymnastik-flensburg.de\/physio\/?page_id=427"},"modified":"2015-01-26T12:20:23","modified_gmt":"2015-01-26T10:20:23","slug":"fysioterapi-tyskland","status":"publish","type":"page","link":"http:\/\/krankengymnastik-flensburg.de\/physio\/fysioterapi-tyskland\/","title":{"rendered":"Fysioterapi Tyskland"},"content":{"rendered":"<h2>Velkommen til vores fysioterapeutiske praksis i Flensborg!<\/h2>\n<div id=\"attachment_250\" style=\"width: 310px\" class=\"wp-caption alignright\"><iframe loading=\"lazy\" src=\"https:\/\/www.google.com\/maps\/embed?pb=!1m14!1m8!1m3!1d147022.9775286627!2d9.540699498380661!3d54.8461395715846!3m2!1i1024!2i768!4f13.1!3m3!1m2!1s0x0%3A0x62e4d10aa4ec1b49!2sGorm+Larsen!5e0!3m2!1sde!2sde!4v1421687368839\" width=\"300\" height=\"300\" frameborder=\"0\" style=\"border:0\"><\/iframe><\/p>\n<p class=\"wp-caption-text\">Her kan du finde vores praksis.<\/p>\n<\/div>\n<p>Du finder vores praksis i Flensborg Nord, ca. 3 km syd for den dansk-tyske gr\u00e6nse. Der er parkeringspladser lige foran praksissen.<\/p>\n<p>Vi byder p\u00e5 forskellige fysioterapeutiske metoder i behandling af bev\u00e6geapparatet (led og muskler samt bindev\u00e6v), der hj\u00e6lper med til at genoptr\u00e6ne tabte eller indskr\u00e6nkede kropsfunktioner.<\/p>\n<ul>\n<li>fysioterapi<\/li>\n<li>massage<\/li>\n<li><span id=\"result_box\" class=\"\" lang=\"da\"><span class=\"hps\">lymfedr\u00e6nage<\/span><\/span><\/li>\n<li><span id=\"result_box\" class=\"\" lang=\"da\"><span class=\"hps\">manuel terapi<\/span><\/span><\/li>\n<li><span id=\"result_box\" class=\"\" lang=\"da\"><span class=\"hps\">cupping<\/span> <span class=\"hps\">massage<\/span><\/span><\/li>\n<li>bindev\u00e6vsterapi<\/li>\n<\/ul>\n<p>&nbsp;<\/p>\n<p>Udgangspunkt af vores terapeutisk arbejde dannes af en professionel vurdering af dine symptomer og historie samt en konsekvent individuel behandling. Det opn\u00e5s ved hj\u00e6lp af moderne metoder og redskaber i en hyggelig og afslappende atmosf\u00e6re. Regelm\u00e6ssig deltagelse i videreuddannelse sikrer dig en vedvarende kvalitet af vores arbejde.<\/p>\n<p>P\u00e5 250 m\u00b2, udrustet med de modernste redskaber, hj\u00e6lper dig fem <span id=\"result_box\" class=\"short_text\" lang=\"da\"><span class=\"hps\">dygtige og flinke medarbejdere med at f\u00e5 dig tilbage til et sundt og aktivt liv &#8211; netop det er vores form\u00e5l! <\/span><\/span><\/p>\n<p><strong>Det ville v\u00e6re fint, hvis du ringede p\u00e5 +45 461 44 100 for at f\u00e5 en tid med hjem, det hj\u00e6lper os med planl\u00e6gningen og du slipper for en lang ventetid.<\/strong><\/p>\n<p>&nbsp;<\/p>\n<h3>Skal jeg som dansk patient selv betale hos en fysioterapeut i Tyskland?<\/h3>\n<p>S\u00e5 er der jo lige en lille men v\u00e6sentlig ting til: Hvad koster behandlingen i Tyskland og skal den selv betales eller ydes der tilskud til behandlingen? B\u00e5de og&#8230; Der findes en overenskomst mellem de danske regioner og det tyske sundhedsv\u00e6sen, der muligg\u00f8r behandling samt tilskud i andre EU-lande, fx. Tyskland. Der er dog nogle punkter, der skal tages hensyn til:<\/p>\n<ul>\n<li>For det f\u00f8rste skal man have en henvisning fra sin praktiserende l\u00e6ge, ligesom hvis man skal til fysioterapeut i Danmark.<\/li>\n<li>For det andet skal man som dansk patient selv l\u00e6gge pengene p\u00e5 bordet hos fysioterapeuten.<\/li>\n<li>S\u00e5 m\u00e5 man v\u00e6re opm\u00e6rksom p\u00e5, at man f\u00e5r en regning med fra den behandlende fysioterapeut, den skal nemlig sendes videre til regionen, som s\u00e5 beregner og udbetaler tilskud til behandlingen, dog skal man huske p\u00e5, at behandlinger, som ikke udf\u00f8res i Danmark, ikke er tilskudsberettigede.<\/li>\n<\/ul>\n<p>&nbsp;<\/p>\n<p>P\u00e5 den f\u00f8lgende side kan du l\u00e6se mere om <b>tilskud til praktiserende l\u00e6ger og fysioterapeuter i Tyskland<\/b>:<\/p>\n<p><a title=\"artikel p\u00e5 graenseguiden.dk\" href=\"http:\/\/www.graenseguiden.dk\/2014\/03\/13\/ogsa-tilskud-til-laeger-i-tyskland\" target=\"_blank\">http:\/\/www.graenseguiden.dk\/2014\/03\/13\/ogsa-tilskud-til-laeger-i-tyskland<\/a><\/p>\n<blockquote><p><em>&#8222;Hvad fysioterapi ang\u00e5r, er der ogs\u00e5 krav om henvisning fra den praktiserende l\u00e6ge, hvis der skal ydes tilskud. Fysioterapi er i Tyskland normalt betydeligt billigere end den tilsvarende behandling i Danmark. Derfor kan der v\u00e6re en \u00f8konomisk fordel ved at lade sig behandle syd for gr\u00e6nsen, idet egenbetalingen herved kan blive betydeligt mindre \u2013 eller ikke eksisterende.&#8220; [\u00a0www.graenseguiden.dk ]<br \/>\n<\/em><\/p><\/blockquote>\n<p>S\u00e5 findes der en omfattende artikel p\u00e5 region nordjyllands hjemmeside, der omhandler tilskud til behandling i udlandet,\u00a0 som du kan finde her:<\/p>\n<p><a title=\"informationer p\u00e5 behandling i udlandet. region nordjylland | ekstern genvej \" href=\"http:\/\/www.rn.dk\/Sundhed\/Patient-i-Region-Nordjylland\/Praktiserende-laeger-og-andre-behandlere\/Tilskud-til-behandling-i-udlandet\" target=\"_blank\">http:\/\/www.rn.dk\/Sundhed\/Patient-i-Region-Nordjylland\/&#8230;\/Tilskud-til-behandling-i-udlandet<\/a><\/p>\n<p>&nbsp;<\/p>\n<p>Vi ser frem til dit bes\u00f8g!<\/p>\n<p><em>Gorm Larsen og team<\/em><\/p>\n<p>&nbsp;<\/p>\n<p>&nbsp;<\/p>\n","protected":false},"excerpt":{"rendered":"<p class=\"excerpt\">Velkommen til vores fysioterapeutiske praksis i Flensborg! Her kan du finde vores praksis. Du finder vores praksis i Flensborg Nord, ca. 3 km syd for den dansk-tyske gr\u00e6nse. Der er parkeringspladser lige foran praksissen. Vi byder p\u00e5 forskellige fysioterapeutiske metoder i behandling af bev\u00e6geapparatet (led og muskler samt bindev\u00e6v), der hj\u00e6lper med til at genoptr\u00e6ne tabte eller indskr\u00e6nkede kropsfunktioner. fysioterapi&hellip; <a href=\"http:\/\/krankengymnastik-flensburg.de\/physio\/fysioterapi-tyskland\/\">weiterlesen &rarr;<\/a><\/p>\n","protected":false},"author":1,"featured_media":0,"parent":0,"menu_order":0,"comment_status":"closed","ping_status":"closed","template":"","meta":[],"yoast_head":"<!-- This site is optimized with the Yoast SEO plugin v17.1 - https:\/\/yoast.com\/wordpress\/plugins\/seo\/ -->\n<meta name=\"description\" content=\"Velkommen til vores praksis for fysioterapi i Tyskland! Du finder vores praksis i Flensborg Nord, ca. 3 km syd for den dansk-tyske gr\u00e6nse.\" \/>\n<meta name=\"robots\" content=\"index, follow, max-snippet:-1, max-image-preview:large, max-video-preview:-1\" \/>\n<link rel=\"canonical\" href=\"http:\/\/krankengymnastik-flensburg.de\/physio\/fysioterapi-tyskland\/\" \/>\n<meta property=\"og:locale\" content=\"de_DE\" \/>\n<meta property=\"og:type\" content=\"article\" \/>\n<meta property=\"og:title\" content=\"Fysioterapi Tyskland - Praksis Gorm Larsen i Flensborg\" \/>\n<meta property=\"og:description\" content=\"Velkommen til vores praksis for fysioterapi i Tyskland! Du finder vores praksis i Flensborg Nord, ca. 3 km syd for den dansk-tyske gr\u00e6nse.\" \/>\n<meta property=\"og:url\" content=\"http:\/\/krankengymnastik-flensburg.de\/physio\/fysioterapi-tyskland\/\" \/>\n<meta property=\"og:site_name\" content=\"Physiotherapie Gorm Larsen\" \/>\n<meta property=\"article:modified_time\" content=\"2015-01-26T10:20:23+00:00\" \/>\n<meta name=\"twitter:label1\" content=\"Gesch\u00e4tzte Lesezeit\" \/>\n\t<meta name=\"twitter:data1\" content=\"2\u00a0Minuten\" \/>\n<script type=\"application\/ld+json\" class=\"yoast-schema-graph\">{\"@context\":\"https:\/\/schema.org\",\"@graph\":[{\"@type\":\"WebSite\",\"@id\":\"http:\/\/krankengymnastik-flensburg.de\/physio\/#website\",\"url\":\"http:\/\/krankengymnastik-flensburg.de\/physio\/\",\"name\":\"Physiotherapie Gorm Larsen\",\"description\":\"Krankengymnastik Flensburg\",\"potentialAction\":[{\"@type\":\"SearchAction\",\"target\":{\"@type\":\"EntryPoint\",\"urlTemplate\":\"http:\/\/krankengymnastik-flensburg.de\/physio\/?s={search_term_string}\"},\"query-input\":\"required name=search_term_string\"}],\"inLanguage\":\"de\"},{\"@type\":\"WebPage\",\"@id\":\"http:\/\/krankengymnastik-flensburg.de\/physio\/fysioterapi-tyskland\/#webpage\",\"url\":\"http:\/\/krankengymnastik-flensburg.de\/physio\/fysioterapi-tyskland\/\",\"name\":\"Fysioterapi Tyskland - Praksis Gorm Larsen i Flensborg\",\"isPartOf\":{\"@id\":\"http:\/\/krankengymnastik-flensburg.de\/physio\/#website\"},\"datePublished\":\"2015-01-19T17:01:32+00:00\",\"dateModified\":\"2015-01-26T10:20:23+00:00\",\"description\":\"Velkommen til vores praksis for fysioterapi i Tyskland! Du finder vores praksis i Flensborg Nord, ca. 3 km syd for den dansk-tyske gr\\u00e6nse.\",\"breadcrumb\":{\"@id\":\"http:\/\/krankengymnastik-flensburg.de\/physio\/fysioterapi-tyskland\/#breadcrumb\"},\"inLanguage\":\"de\",\"potentialAction\":[{\"@type\":\"ReadAction\",\"target\":[\"http:\/\/krankengymnastik-flensburg.de\/physio\/fysioterapi-tyskland\/\"]}]},{\"@type\":\"BreadcrumbList\",\"@id\":\"http:\/\/krankengymnastik-flensburg.de\/physio\/fysioterapi-tyskland\/#breadcrumb\",\"itemListElement\":[{\"@type\":\"ListItem\",\"position\":1,\"name\":\"Home\",\"item\":\"http:\/\/krankengymnastik-flensburg.de\/physio\/\"},{\"@type\":\"ListItem\",\"position\":2,\"name\":\"Fysioterapi Tyskland\"}]}]}<\/script>\n<!-- \/ Yoast SEO plugin. -->","yoast_head_json":{"description":"Velkommen til vores praksis for fysioterapi i Tyskland! Du finder vores praksis i Flensborg Nord, ca. 3 km syd for den dansk-tyske gr\u00e6nse.","robots":{"index":"index","follow":"follow","max-snippet":"max-snippet:-1","max-image-preview":"max-image-preview:large","max-video-preview":"max-video-preview:-1"},"canonical":"http:\/\/krankengymnastik-flensburg.de\/physio\/fysioterapi-tyskland\/","og_locale":"de_DE","og_type":"article","og_title":"Fysioterapi Tyskland - Praksis Gorm Larsen i Flensborg","og_description":"Velkommen til vores praksis for fysioterapi i Tyskland! Du finder vores praksis i Flensborg Nord, ca. 3 km syd for den dansk-tyske gr\u00e6nse.","og_url":"http:\/\/krankengymnastik-flensburg.de\/physio\/fysioterapi-tyskland\/","og_site_name":"Physiotherapie Gorm Larsen","article_modified_time":"2015-01-26T10:20:23+00:00","twitter_misc":{"Gesch\u00e4tzte Lesezeit":"2\u00a0Minuten"},"schema":{"@context":"https:\/\/schema.org","@graph":[{"@type":"WebSite","@id":"http:\/\/krankengymnastik-flensburg.de\/physio\/#website","url":"http:\/\/krankengymnastik-flensburg.de\/physio\/","name":"Physiotherapie Gorm Larsen","description":"Krankengymnastik Flensburg","potentialAction":[{"@type":"SearchAction","target":{"@type":"EntryPoint","urlTemplate":"http:\/\/krankengymnastik-flensburg.de\/physio\/?s={search_term_string}"},"query-input":"required name=search_term_string"}],"inLanguage":"de"},{"@type":"WebPage","@id":"http:\/\/krankengymnastik-flensburg.de\/physio\/fysioterapi-tyskland\/#webpage","url":"http:\/\/krankengymnastik-flensburg.de\/physio\/fysioterapi-tyskland\/","name":"Fysioterapi Tyskland - Praksis Gorm Larsen i Flensborg","isPartOf":{"@id":"http:\/\/krankengymnastik-flensburg.de\/physio\/#website"},"datePublished":"2015-01-19T17:01:32+00:00","dateModified":"2015-01-26T10:20:23+00:00","description":"Velkommen til vores praksis for fysioterapi i Tyskland! Du finder vores praksis i Flensborg Nord, ca. 3 km syd for den dansk-tyske gr\u00e6nse.","breadcrumb":{"@id":"http:\/\/krankengymnastik-flensburg.de\/physio\/fysioterapi-tyskland\/#breadcrumb"},"inLanguage":"de","potentialAction":[{"@type":"ReadAction","target":["http:\/\/krankengymnastik-flensburg.de\/physio\/fysioterapi-tyskland\/"]}]},{"@type":"BreadcrumbList","@id":"http:\/\/krankengymnastik-flensburg.de\/physio\/fysioterapi-tyskland\/#breadcrumb","itemListElement":[{"@type":"ListItem","position":1,"name":"Home","item":"http:\/\/krankengymnastik-flensburg.de\/physio\/"},{"@type":"ListItem","position":2,"name":"Fysioterapi Tyskland"}]}]}},"_links":{"self":[{"href":"http:\/\/krankengymnastik-flensburg.de\/physio\/wp-json\/wp\/v2\/pages\/427"}],"collection":[{"href":"http:\/\/krankengymnastik-flensburg.de\/physio\/wp-json\/wp\/v2\/pages"}],"about":[{"href":"http:\/\/krankengymnastik-flensburg.de\/physio\/wp-json\/wp\/v2\/types\/page"}],"author":[{"embeddable":true,"href":"http:\/\/krankengymnastik-flensburg.de\/physio\/wp-json\/wp\/v2\/users\/1"}],"replies":[{"embeddable":true,"href":"http:\/\/krankengymnastik-flensburg.de\/physio\/wp-json\/wp\/v2\/comments?post=427"}],"version-history":[{"count":22,"href":"http:\/\/krankengymnastik-flensburg.de\/physio\/wp-json\/wp\/v2\/pages\/427\/revisions"}],"predecessor-version":[{"id":638,"href":"http:\/\/krankengymnastik-flensburg.de\/physio\/wp-json\/wp\/v2\/pages\/427\/revisions\/638"}],"wp:attachment":[{"href":"http:\/\/krankengymnastik-flensburg.de\/physio\/wp-json\/wp\/v2\/media?parent=427"}],"curies":[{"name":"wp","href":"https:\/\/api.w.org\/{rel}","templated":true}]}}