{"id":43,"date":"2014-08-20T16:44:27","date_gmt":"2014-08-20T14:44:27","guid":{"rendered":"http:\/\/krankengymnastik-flensburg.de\/cms\/?page_id=43"},"modified":"2021-07-10T20:05:16","modified_gmt":"2021-07-10T18:05:16","slug":"klassische-massagetherapie","status":"publish","type":"page","link":"http:\/\/krankengymnastik-flensburg.de\/physio\/klassische-massagetherapie\/","title":{"rendered":"Klassische Massagetherapie (KMT)"},"content":{"rendered":"<p><a href=\"http:\/\/krankengymnastik-flensburg.de\/physio\/wp-content\/uploads\/2014\/08\/IMG_0083.jpg\"><img loading=\"lazy\" class=\"wp-image-602 size-medium\" src=\"http:\/\/krankengymnastik-flensburg.de\/physio\/wp-content\/uploads\/2014\/08\/IMG_0083-300x188.jpg\" alt=\"klassische Massage\" width=\"300\" height=\"188\" srcset=\"http:\/\/krankengymnastik-flensburg.de\/physio\/wp-content\/uploads\/2014\/08\/IMG_0083-300x188.jpg 300w, http:\/\/krankengymnastik-flensburg.de\/physio\/wp-content\/uploads\/2014\/08\/IMG_0083.jpg 800w\" sizes=\"(max-width: 300px) 100vw, 300px\" \/><\/a><\/p>\n<p>Wenn Sie von Ihrem Arzt eine Heilmittelverordnung \u00fcber KMT erhalten, f\u00fchren wir diese Behandlung NUR mit einem erg\u00e4nzenden Heilmittel durch, wie z.B. Fango.<\/p>\n","protected":false},"excerpt":{"rendered":"<p class=\"excerpt\">Wenn Sie von Ihrem Arzt eine Heilmittelverordnung \u00fcber KMT erhalten, f\u00fchren wir diese Behandlung NUR mit einem erg\u00e4nzenden Heilmittel durch, wie z.B. Fango. <a href=\"http:\/\/krankengymnastik-flensburg.de\/physio\/klassische-massagetherapie\/\">weiterlesen &rarr;<\/a><\/p>\n","protected":false},"author":1,"featured_media":0,"parent":0,"menu_order":0,"comment_status":"closed","ping_status":"closed","template":"","meta":[],"yoast_head":"<!-- This site is optimized with the Yoast SEO plugin v17.1 - https:\/\/yoast.com\/wordpress\/plugins\/seo\/ -->\n<meta name=\"robots\" content=\"index, follow, max-snippet:-1, max-image-preview:large, max-video-preview:-1\" \/>\n<link rel=\"canonical\" href=\"http:\/\/krankengymnastik-flensburg.de\/physio\/klassische-massagetherapie\/\" \/>\n<meta property=\"og:locale\" content=\"de_DE\" \/>\n<meta property=\"og:type\" content=\"article\" \/>\n<meta property=\"og:title\" content=\"Klassische Massagetherapie (KMT) - Physiotherapie Gorm Larsen\" \/>\n<meta property=\"og:description\" content=\"Wenn Sie von Ihrem Arzt eine Heilmittelverordnung \u00fcber KMT erhalten, f\u00fchren wir diese Behandlung NUR mit einem erg\u00e4nzenden Heilmittel durch, wie z.B. Fango. weiterlesen &rarr;\" \/>\n<meta property=\"og:url\" content=\"http:\/\/krankengymnastik-flensburg.de\/physio\/klassische-massagetherapie\/\" \/>\n<meta property=\"og:site_name\" content=\"Physiotherapie Gorm Larsen\" \/>\n<meta property=\"article:modified_time\" content=\"2021-07-10T18:05:16+00:00\" \/>\n<meta property=\"og:image\" content=\"http:\/\/krankengymnastik-flensburg.de\/physio\/wp-content\/uploads\/2014\/08\/IMG_0083-300x188.jpg\" \/>\n<script type=\"application\/ld+json\" class=\"yoast-schema-graph\">{\"@context\":\"https:\/\/schema.org\",\"@graph\":[{\"@type\":\"WebSite\",\"@id\":\"http:\/\/krankengymnastik-flensburg.de\/physio\/#website\",\"url\":\"http:\/\/krankengymnastik-flensburg.de\/physio\/\",\"name\":\"Physiotherapie Gorm Larsen\",\"description\":\"Krankengymnastik Flensburg\",\"potentialAction\":[{\"@type\":\"SearchAction\",\"target\":{\"@type\":\"EntryPoint\",\"urlTemplate\":\"http:\/\/krankengymnastik-flensburg.de\/physio\/?s={search_term_string}\"},\"query-input\":\"required name=search_term_string\"}],\"inLanguage\":\"de\"},{\"@type\":\"ImageObject\",\"@id\":\"http:\/\/krankengymnastik-flensburg.de\/physio\/klassische-massagetherapie\/#primaryimage\",\"inLanguage\":\"de\",\"url\":\"http:\/\/krankengymnastik-flensburg.de\/physio\/wp-content\/uploads\/2014\/08\/IMG_0083.jpg\",\"contentUrl\":\"http:\/\/krankengymnastik-flensburg.de\/physio\/wp-content\/uploads\/2014\/08\/IMG_0083.jpg\",\"width\":800,\"height\":500},{\"@type\":\"WebPage\",\"@id\":\"http:\/\/krankengymnastik-flensburg.de\/physio\/klassische-massagetherapie\/#webpage\",\"url\":\"http:\/\/krankengymnastik-flensburg.de\/physio\/klassische-massagetherapie\/\",\"name\":\"Klassische Massagetherapie (KMT) - Physiotherapie Gorm Larsen\",\"isPartOf\":{\"@id\":\"http:\/\/krankengymnastik-flensburg.de\/physio\/#website\"},\"primaryImageOfPage\":{\"@id\":\"http:\/\/krankengymnastik-flensburg.de\/physio\/klassische-massagetherapie\/#primaryimage\"},\"datePublished\":\"2014-08-20T14:44:27+00:00\",\"dateModified\":\"2021-07-10T18:05:16+00:00\",\"breadcrumb\":{\"@id\":\"http:\/\/krankengymnastik-flensburg.de\/physio\/klassische-massagetherapie\/#breadcrumb\"},\"inLanguage\":\"de\",\"potentialAction\":[{\"@type\":\"ReadAction\",\"target\":[\"http:\/\/krankengymnastik-flensburg.de\/physio\/klassische-massagetherapie\/\"]}]},{\"@type\":\"BreadcrumbList\",\"@id\":\"http:\/\/krankengymnastik-flensburg.de\/physio\/klassische-massagetherapie\/#breadcrumb\",\"itemListElement\":[{\"@type\":\"ListItem\",\"position\":1,\"name\":\"Home\",\"item\":\"http:\/\/krankengymnastik-flensburg.de\/physio\/\"},{\"@type\":\"ListItem\",\"position\":2,\"name\":\"Klassische Massagetherapie (KMT)\"}]}]}<\/script>\n<!-- \/ Yoast SEO plugin. -->","yoast_head_json":{"robots":{"index":"index","follow":"follow","max-snippet":"max-snippet:-1","max-image-preview":"max-image-preview:large","max-video-preview":"max-video-preview:-1"},"canonical":"http:\/\/krankengymnastik-flensburg.de\/physio\/klassische-massagetherapie\/","og_locale":"de_DE","og_type":"article","og_title":"Klassische Massagetherapie (KMT) - Physiotherapie Gorm Larsen","og_description":"Wenn Sie von Ihrem Arzt eine Heilmittelverordnung \u00fcber KMT erhalten, f\u00fchren wir diese Behandlung NUR mit einem erg\u00e4nzenden Heilmittel durch, wie z.B. Fango. weiterlesen &rarr;","og_url":"http:\/\/krankengymnastik-flensburg.de\/physio\/klassische-massagetherapie\/","og_site_name":"Physiotherapie Gorm Larsen","article_modified_time":"2021-07-10T18:05:16+00:00","og_image":[{"url":"http:\/\/krankengymnastik-flensburg.de\/physio\/wp-content\/uploads\/2014\/08\/IMG_0083-300x188.jpg"}],"schema":{"@context":"https:\/\/schema.org","@graph":[{"@type":"WebSite","@id":"http:\/\/krankengymnastik-flensburg.de\/physio\/#website","url":"http:\/\/krankengymnastik-flensburg.de\/physio\/","name":"Physiotherapie Gorm Larsen","description":"Krankengymnastik Flensburg","potentialAction":[{"@type":"SearchAction","target":{"@type":"EntryPoint","urlTemplate":"http:\/\/krankengymnastik-flensburg.de\/physio\/?s={search_term_string}"},"query-input":"required name=search_term_string"}],"inLanguage":"de"},{"@type":"ImageObject","@id":"http:\/\/krankengymnastik-flensburg.de\/physio\/klassische-massagetherapie\/#primaryimage","inLanguage":"de","url":"http:\/\/krankengymnastik-flensburg.de\/physio\/wp-content\/uploads\/2014\/08\/IMG_0083.jpg","contentUrl":"http:\/\/krankengymnastik-flensburg.de\/physio\/wp-content\/uploads\/2014\/08\/IMG_0083.jpg","width":800,"height":500},{"@type":"WebPage","@id":"http:\/\/krankengymnastik-flensburg.de\/physio\/klassische-massagetherapie\/#webpage","url":"http:\/\/krankengymnastik-flensburg.de\/physio\/klassische-massagetherapie\/","name":"Klassische Massagetherapie (KMT) - Physiotherapie Gorm Larsen","isPartOf":{"@id":"http:\/\/krankengymnastik-flensburg.de\/physio\/#website"},"primaryImageOfPage":{"@id":"http:\/\/krankengymnastik-flensburg.de\/physio\/klassische-massagetherapie\/#primaryimage"},"datePublished":"2014-08-20T14:44:27+00:00","dateModified":"2021-07-10T18:05:16+00:00","breadcrumb":{"@id":"http:\/\/krankengymnastik-flensburg.de\/physio\/klassische-massagetherapie\/#breadcrumb"},"inLanguage":"de","potentialAction":[{"@type":"ReadAction","target":["http:\/\/krankengymnastik-flensburg.de\/physio\/klassische-massagetherapie\/"]}]},{"@type":"BreadcrumbList","@id":"http:\/\/krankengymnastik-flensburg.de\/physio\/klassische-massagetherapie\/#breadcrumb","itemListElement":[{"@type":"ListItem","position":1,"name":"Home","item":"http:\/\/krankengymnastik-flensburg.de\/physio\/"},{"@type":"ListItem","position":2,"name":"Klassische Massagetherapie (KMT)"}]}]}},"_links":{"self":[{"href":"http:\/\/krankengymnastik-flensburg.de\/physio\/wp-json\/wp\/v2\/pages\/43"}],"collection":[{"href":"http:\/\/krankengymnastik-flensburg.de\/physio\/wp-json\/wp\/v2\/pages"}],"about":[{"href":"http:\/\/krankengymnastik-flensburg.de\/physio\/wp-json\/wp\/v2\/types\/page"}],"author":[{"embeddable":true,"href":"http:\/\/krankengymnastik-flensburg.de\/physio\/wp-json\/wp\/v2\/users\/1"}],"replies":[{"embeddable":true,"href":"http:\/\/krankengymnastik-flensburg.de\/physio\/wp-json\/wp\/v2\/comments?post=43"}],"version-history":[{"count":11,"href":"http:\/\/krankengymnastik-flensburg.de\/physio\/wp-json\/wp\/v2\/pages\/43\/revisions"}],"predecessor-version":[{"id":977,"href":"http:\/\/krankengymnastik-flensburg.de\/physio\/wp-json\/wp\/v2\/pages\/43\/revisions\/977"}],"wp:attachment":[{"href":"http:\/\/krankengymnastik-flensburg.de\/physio\/wp-json\/wp\/v2\/media?parent=43"}],"curies":[{"name":"wp","href":"https:\/\/api.w.org\/{rel}","templated":true}]}}