{"id":486,"date":"2015-01-21T12:08:25","date_gmt":"2015-01-21T10:08:25","guid":{"rendered":"http:\/\/krankengymnastik-flensburg.de\/physio\/?page_id=486"},"modified":"2019-04-15T14:58:56","modified_gmt":"2019-04-15T12:58:56","slug":"gorm-larsen","status":"publish","type":"page","link":"http:\/\/krankengymnastik-flensburg.de\/physio\/team\/gorm-larsen\/","title":{"rendered":"Gorm Larsen"},"content":{"rendered":"<div id=\"attachment_295\" style=\"width: 310px\" class=\"wp-caption alignleft\"><a href=\"http:\/\/krankengymnastik-flensburg.de\/physio\/wp-content\/uploads\/2019\/04\/gorm_larsen.jpg\"><img aria-describedby=\"caption-attachment-295\" loading=\"lazy\" class=\"wp-image-295 size-medium\" src=\"http:\/\/krankengymnastik-flensburg.de\/physio\/wp-content\/uploads\/2019\/04\/gorm_larsen-300x200.jpg\" alt=\"Gorm Larsen\" width=\"300\" height=\"200\"><\/a><p id=\"caption-attachment-295\" class=\"wp-caption-text\">Gorm Larsen, Physiotherapeut<\/p><\/div>\n<p>Gorm Larsen ist Physiotherapeut und Praxisinhaber. Er begann seine berufliche Laufbahn 1980 als Masseur und med. Bademeister in der Praxis von Herrn G\u00fcnther Franke, in der Flensburger Nordstadt.<\/p>\n<p>1992 machte er sich mit seiner eigenen Massagepraxis in der Apenraderstrasse selbstst\u00e4ndig. 1996 absolvierte er erfolgreich die Pr\u00fcfung zum Physiotherapeuten.<\/p>\n<p>Im Jahr 2010 zog Gorm Larsen mit seiner Praxis in den nahe gelegenen Tondernweg, wo er und sein Team sich in den gro\u00dfz\u00fcgigen und liebevoll gestalteten R\u00e4umlichkeiten um Ihr pers\u00f6nliches Wohl k\u00fcmmern.<\/p>\n<p>&nbsp;<\/p>\n<p>Gorm Larsen besitzt folgende Zusatzqualifikationen:<\/p>\n<p>&nbsp;<\/p>\n<ul>\n<li>Lymphdrainage<\/li>\n<li>Fu\u00dfreflexzonentherapie<\/li>\n<li>Marnitztherapie<\/li>\n<li>Craniosacrale Therapie<\/li>\n<li>Sportphysiotherapeut<\/li>\n<li>PNF<\/li>\n<li>manuelle Therapie<\/li>\n<li>CMD (craniomandibul\u00e4re dysfunktion)<\/li>\n<li>\n<div class=\"srg\">Handtherapeut<\/div>\n<\/li>\n<li>\n<div class=\"srg\">R\u00fcckenschullehrer<\/div>\n<\/li>\n<li>\n<div class=\"srg\">Kinesiotapeing<\/div>\n<\/li>\n<li>\n<div class=\"srg\">Osteopathie von 1996 bis 2000<\/div>\n<\/li>\n<\/ul>\n<p>&nbsp;<\/p>\n<p>Gorm Larsen taler <a title=\"Fysioterapi Flensborg Tyskland\" href=\"http:\/\/krankengymnastik-flensburg.de\/physio\/fysioterapi-tyskland\/\">dansk<\/a>.<\/p>\n","protected":false},"excerpt":{"rendered":"<p class=\"excerpt\">Gorm Larsen ist Physiotherapeut und Praxisinhaber. Er begann seine berufliche Laufbahn 1980 als Masseur und med. Bademeister in der Praxis von Herrn G\u00fcnther Franke, in der Flensburger Nordstadt. 1992 machte er sich mit seiner eigenen Massagepraxis in der Apenraderstrasse selbstst\u00e4ndig. 1996 absolvierte er erfolgreich die Pr\u00fcfung zum Physiotherapeuten. Im Jahr 2010 zog Gorm Larsen mit seiner Praxis in den nahe&hellip; <a href=\"http:\/\/krankengymnastik-flensburg.de\/physio\/team\/gorm-larsen\/\">weiterlesen &rarr;<\/a><\/p>\n","protected":false},"author":1,"featured_media":0,"parent":226,"menu_order":0,"comment_status":"closed","ping_status":"closed","template":"","meta":[],"yoast_head":"<!-- This site is optimized with the Yoast SEO plugin v17.1 - https:\/\/yoast.com\/wordpress\/plugins\/seo\/ -->\n<meta name=\"robots\" content=\"index, follow, max-snippet:-1, max-image-preview:large, max-video-preview:-1\" \/>\n<link rel=\"canonical\" href=\"http:\/\/krankengymnastik-flensburg.de\/physio\/team\/gorm-larsen\/\" \/>\n<meta property=\"og:locale\" content=\"de_DE\" \/>\n<meta property=\"og:type\" content=\"article\" \/>\n<meta property=\"og:title\" content=\"Gorm Larsen - Physiotherapie Gorm Larsen\" \/>\n<meta property=\"og:description\" content=\"Gorm Larsen ist Physiotherapeut und Praxisinhaber. Er begann seine berufliche Laufbahn 1980 als Masseur und med. Bademeister in der Praxis von Herrn G\u00fcnther Franke, in der Flensburger Nordstadt. 1992 machte er sich mit seiner eigenen Massagepraxis in der Apenraderstrasse selbstst\u00e4ndig. 1996 absolvierte er erfolgreich die Pr\u00fcfung zum Physiotherapeuten. Im Jahr 2010 zog Gorm Larsen mit seiner Praxis in den nahe&hellip; weiterlesen &rarr;\" \/>\n<meta property=\"og:url\" content=\"http:\/\/krankengymnastik-flensburg.de\/physio\/team\/gorm-larsen\/\" \/>\n<meta property=\"og:site_name\" content=\"Physiotherapie Gorm Larsen\" \/>\n<meta property=\"article:modified_time\" content=\"2019-04-15T12:58:56+00:00\" \/>\n<meta property=\"og:image\" content=\"http:\/\/krankengymnastik-flensburg.de\/physio\/wp-content\/uploads\/2019\/04\/gorm_larsen-300x200.jpg\" \/>\n<meta name=\"twitter:label1\" content=\"Gesch\u00e4tzte Lesezeit\" \/>\n\t<meta name=\"twitter:data1\" content=\"1\u00a0Minute\" \/>\n<script type=\"application\/ld+json\" class=\"yoast-schema-graph\">{\"@context\":\"https:\/\/schema.org\",\"@graph\":[{\"@type\":\"WebSite\",\"@id\":\"http:\/\/krankengymnastik-flensburg.de\/physio\/#website\",\"url\":\"http:\/\/krankengymnastik-flensburg.de\/physio\/\",\"name\":\"Physiotherapie Gorm Larsen\",\"description\":\"Krankengymnastik Flensburg\",\"potentialAction\":[{\"@type\":\"SearchAction\",\"target\":{\"@type\":\"EntryPoint\",\"urlTemplate\":\"http:\/\/krankengymnastik-flensburg.de\/physio\/?s={search_term_string}\"},\"query-input\":\"required name=search_term_string\"}],\"inLanguage\":\"de\"},{\"@type\":\"ImageObject\",\"@id\":\"http:\/\/krankengymnastik-flensburg.de\/physio\/team\/gorm-larsen\/#primaryimage\",\"inLanguage\":\"de\",\"url\":\"http:\/\/krankengymnastik-flensburg.de\/physio\/wp-content\/uploads\/2019\/04\/gorm_larsen-300x200.jpg\",\"contentUrl\":\"http:\/\/krankengymnastik-flensburg.de\/physio\/wp-content\/uploads\/2019\/04\/gorm_larsen-300x200.jpg\"},{\"@type\":\"WebPage\",\"@id\":\"http:\/\/krankengymnastik-flensburg.de\/physio\/team\/gorm-larsen\/#webpage\",\"url\":\"http:\/\/krankengymnastik-flensburg.de\/physio\/team\/gorm-larsen\/\",\"name\":\"Gorm Larsen - Physiotherapie Gorm Larsen\",\"isPartOf\":{\"@id\":\"http:\/\/krankengymnastik-flensburg.de\/physio\/#website\"},\"primaryImageOfPage\":{\"@id\":\"http:\/\/krankengymnastik-flensburg.de\/physio\/team\/gorm-larsen\/#primaryimage\"},\"datePublished\":\"2015-01-21T10:08:25+00:00\",\"dateModified\":\"2019-04-15T12:58:56+00:00\",\"breadcrumb\":{\"@id\":\"http:\/\/krankengymnastik-flensburg.de\/physio\/team\/gorm-larsen\/#breadcrumb\"},\"inLanguage\":\"de\",\"potentialAction\":[{\"@type\":\"ReadAction\",\"target\":[\"http:\/\/krankengymnastik-flensburg.de\/physio\/team\/gorm-larsen\/\"]}]},{\"@type\":\"BreadcrumbList\",\"@id\":\"http:\/\/krankengymnastik-flensburg.de\/physio\/team\/gorm-larsen\/#breadcrumb\",\"itemListElement\":[{\"@type\":\"ListItem\",\"position\":1,\"name\":\"Home\",\"item\":\"http:\/\/krankengymnastik-flensburg.de\/physio\/\"},{\"@type\":\"ListItem\",\"position\":2,\"name\":\"Team\",\"item\":\"http:\/\/krankengymnastik-flensburg.de\/physio\/team\/\"},{\"@type\":\"ListItem\",\"position\":3,\"name\":\"Gorm Larsen\"}]}]}<\/script>\n<!-- \/ Yoast SEO plugin. -->","yoast_head_json":{"robots":{"index":"index","follow":"follow","max-snippet":"max-snippet:-1","max-image-preview":"max-image-preview:large","max-video-preview":"max-video-preview:-1"},"canonical":"http:\/\/krankengymnastik-flensburg.de\/physio\/team\/gorm-larsen\/","og_locale":"de_DE","og_type":"article","og_title":"Gorm Larsen - Physiotherapie Gorm Larsen","og_description":"Gorm Larsen ist Physiotherapeut und Praxisinhaber. Er begann seine berufliche Laufbahn 1980 als Masseur und med. Bademeister in der Praxis von Herrn G\u00fcnther Franke, in der Flensburger Nordstadt. 1992 machte er sich mit seiner eigenen Massagepraxis in der Apenraderstrasse selbstst\u00e4ndig. 1996 absolvierte er erfolgreich die Pr\u00fcfung zum Physiotherapeuten. Im Jahr 2010 zog Gorm Larsen mit seiner Praxis in den nahe&hellip; weiterlesen &rarr;","og_url":"http:\/\/krankengymnastik-flensburg.de\/physio\/team\/gorm-larsen\/","og_site_name":"Physiotherapie Gorm Larsen","article_modified_time":"2019-04-15T12:58:56+00:00","og_image":[{"url":"http:\/\/krankengymnastik-flensburg.de\/physio\/wp-content\/uploads\/2019\/04\/gorm_larsen-300x200.jpg"}],"twitter_misc":{"Gesch\u00e4tzte Lesezeit":"1\u00a0Minute"},"schema":{"@context":"https:\/\/schema.org","@graph":[{"@type":"WebSite","@id":"http:\/\/krankengymnastik-flensburg.de\/physio\/#website","url":"http:\/\/krankengymnastik-flensburg.de\/physio\/","name":"Physiotherapie Gorm Larsen","description":"Krankengymnastik Flensburg","potentialAction":[{"@type":"SearchAction","target":{"@type":"EntryPoint","urlTemplate":"http:\/\/krankengymnastik-flensburg.de\/physio\/?s={search_term_string}"},"query-input":"required name=search_term_string"}],"inLanguage":"de"},{"@type":"ImageObject","@id":"http:\/\/krankengymnastik-flensburg.de\/physio\/team\/gorm-larsen\/#primaryimage","inLanguage":"de","url":"http:\/\/krankengymnastik-flensburg.de\/physio\/wp-content\/uploads\/2019\/04\/gorm_larsen-300x200.jpg","contentUrl":"http:\/\/krankengymnastik-flensburg.de\/physio\/wp-content\/uploads\/2019\/04\/gorm_larsen-300x200.jpg"},{"@type":"WebPage","@id":"http:\/\/krankengymnastik-flensburg.de\/physio\/team\/gorm-larsen\/#webpage","url":"http:\/\/krankengymnastik-flensburg.de\/physio\/team\/gorm-larsen\/","name":"Gorm Larsen - Physiotherapie Gorm Larsen","isPartOf":{"@id":"http:\/\/krankengymnastik-flensburg.de\/physio\/#website"},"primaryImageOfPage":{"@id":"http:\/\/krankengymnastik-flensburg.de\/physio\/team\/gorm-larsen\/#primaryimage"},"datePublished":"2015-01-21T10:08:25+00:00","dateModified":"2019-04-15T12:58:56+00:00","breadcrumb":{"@id":"http:\/\/krankengymnastik-flensburg.de\/physio\/team\/gorm-larsen\/#breadcrumb"},"inLanguage":"de","potentialAction":[{"@type":"ReadAction","target":["http:\/\/krankengymnastik-flensburg.de\/physio\/team\/gorm-larsen\/"]}]},{"@type":"BreadcrumbList","@id":"http:\/\/krankengymnastik-flensburg.de\/physio\/team\/gorm-larsen\/#breadcrumb","itemListElement":[{"@type":"ListItem","position":1,"name":"Home","item":"http:\/\/krankengymnastik-flensburg.de\/physio\/"},{"@type":"ListItem","position":2,"name":"Team","item":"http:\/\/krankengymnastik-flensburg.de\/physio\/team\/"},{"@type":"ListItem","position":3,"name":"Gorm Larsen"}]}]}},"_links":{"self":[{"href":"http:\/\/krankengymnastik-flensburg.de\/physio\/wp-json\/wp\/v2\/pages\/486"}],"collection":[{"href":"http:\/\/krankengymnastik-flensburg.de\/physio\/wp-json\/wp\/v2\/pages"}],"about":[{"href":"http:\/\/krankengymnastik-flensburg.de\/physio\/wp-json\/wp\/v2\/types\/page"}],"author":[{"embeddable":true,"href":"http:\/\/krankengymnastik-flensburg.de\/physio\/wp-json\/wp\/v2\/users\/1"}],"replies":[{"embeddable":true,"href":"http:\/\/krankengymnastik-flensburg.de\/physio\/wp-json\/wp\/v2\/comments?post=486"}],"version-history":[{"count":5,"href":"http:\/\/krankengymnastik-flensburg.de\/physio\/wp-json\/wp\/v2\/pages\/486\/revisions"}],"predecessor-version":[{"id":744,"href":"http:\/\/krankengymnastik-flensburg.de\/physio\/wp-json\/wp\/v2\/pages\/486\/revisions\/744"}],"up":[{"embeddable":true,"href":"http:\/\/krankengymnastik-flensburg.de\/physio\/wp-json\/wp\/v2\/pages\/226"}],"wp:attachment":[{"href":"http:\/\/krankengymnastik-flensburg.de\/physio\/wp-json\/wp\/v2\/media?parent=486"}],"curies":[{"name":"wp","href":"https:\/\/api.w.org\/{rel}","templated":true}]}}