{"id":589,"date":"2015-01-26T11:36:56","date_gmt":"2015-01-26T09:36:56","guid":{"rendered":"http:\/\/krankengymnastik-flensburg.de\/physio\/?page_id=589"},"modified":"2015-01-26T11:36:56","modified_gmt":"2015-01-26T09:36:56","slug":"migraenebehandlung","status":"publish","type":"page","link":"http:\/\/krankengymnastik-flensburg.de\/physio\/migraenebehandlung\/","title":{"rendered":"Migr\u00e4nebehandlung"},"content":{"rendered":"<p>H\u00e4ufig\u00a0wird das &#8222;Gewitter im Kopf &#8220; durch eine k\u00f6rperliche Dysbalance ausgel\u00f6st. Sollte dies der Fall sein, k\u00f6nnen wir mit verschieden Techniken therapieren.<\/p>\n<p>Dysbalancen der Muskulatur und m\u00f6gliche Gelenkblockaden werden mit der manuellen Therapie sanft aber erfolgreich gel\u00f6st.<\/p>\n<p>Ganzheitlicher kann mit osteopathischen Techniken ein sehr guter Erfolg erzielt werden. Diese Technik wird in unserer Praxis von Gorm Larsen durchgef\u00fchrt. Er ertastet und erkennt\u00a0m\u00f6gliche Energieblockaden, l\u00f6st diese und bringt die K\u00f6rperenergie wieder in Fluss.<\/p>\n","protected":false},"excerpt":{"rendered":"<p class=\"excerpt\">H\u00e4ufig\u00a0wird das &#8222;Gewitter im Kopf &#8220; durch eine k\u00f6rperliche Dysbalance ausgel\u00f6st. Sollte dies der Fall sein, k\u00f6nnen wir mit verschieden Techniken therapieren. Dysbalancen der Muskulatur und m\u00f6gliche Gelenkblockaden werden mit der manuellen Therapie sanft aber erfolgreich gel\u00f6st. Ganzheitlicher kann mit osteopathischen Techniken ein sehr guter Erfolg erzielt werden. Diese Technik wird in unserer Praxis von Gorm Larsen durchgef\u00fchrt. Er ertastet&hellip; <a href=\"http:\/\/krankengymnastik-flensburg.de\/physio\/migraenebehandlung\/\">weiterlesen &rarr;<\/a><\/p>\n","protected":false},"author":2,"featured_media":0,"parent":0,"menu_order":0,"comment_status":"closed","ping_status":"closed","template":"","meta":[],"yoast_head":"<!-- This site is optimized with the Yoast SEO plugin v17.1 - https:\/\/yoast.com\/wordpress\/plugins\/seo\/ -->\n<meta name=\"robots\" content=\"index, follow, max-snippet:-1, max-image-preview:large, max-video-preview:-1\" \/>\n<link rel=\"canonical\" href=\"http:\/\/krankengymnastik-flensburg.de\/physio\/migraenebehandlung\/\" \/>\n<meta property=\"og:locale\" content=\"de_DE\" \/>\n<meta property=\"og:type\" content=\"article\" \/>\n<meta property=\"og:title\" content=\"Migr\u00e4nebehandlung - Physiotherapie Gorm Larsen\" \/>\n<meta property=\"og:description\" content=\"H\u00e4ufig\u00a0wird das &#8222;Gewitter im Kopf &#8220; durch eine k\u00f6rperliche Dysbalance ausgel\u00f6st. Sollte dies der Fall sein, k\u00f6nnen wir mit verschieden Techniken therapieren. Dysbalancen der Muskulatur und m\u00f6gliche Gelenkblockaden werden mit der manuellen Therapie sanft aber erfolgreich gel\u00f6st. Ganzheitlicher kann mit osteopathischen Techniken ein sehr guter Erfolg erzielt werden. Diese Technik wird in unserer Praxis von Gorm Larsen durchgef\u00fchrt. Er ertastet&hellip; weiterlesen &rarr;\" \/>\n<meta property=\"og:url\" content=\"http:\/\/krankengymnastik-flensburg.de\/physio\/migraenebehandlung\/\" \/>\n<meta property=\"og:site_name\" content=\"Physiotherapie Gorm Larsen\" \/>\n<script type=\"application\/ld+json\" class=\"yoast-schema-graph\">{\"@context\":\"https:\/\/schema.org\",\"@graph\":[{\"@type\":\"WebSite\",\"@id\":\"http:\/\/krankengymnastik-flensburg.de\/physio\/#website\",\"url\":\"http:\/\/krankengymnastik-flensburg.de\/physio\/\",\"name\":\"Physiotherapie Gorm Larsen\",\"description\":\"Krankengymnastik Flensburg\",\"potentialAction\":[{\"@type\":\"SearchAction\",\"target\":{\"@type\":\"EntryPoint\",\"urlTemplate\":\"http:\/\/krankengymnastik-flensburg.de\/physio\/?s={search_term_string}\"},\"query-input\":\"required name=search_term_string\"}],\"inLanguage\":\"de\"},{\"@type\":\"WebPage\",\"@id\":\"http:\/\/krankengymnastik-flensburg.de\/physio\/migraenebehandlung\/#webpage\",\"url\":\"http:\/\/krankengymnastik-flensburg.de\/physio\/migraenebehandlung\/\",\"name\":\"Migr\\u00e4nebehandlung - Physiotherapie Gorm Larsen\",\"isPartOf\":{\"@id\":\"http:\/\/krankengymnastik-flensburg.de\/physio\/#website\"},\"datePublished\":\"2015-01-26T09:36:56+00:00\",\"dateModified\":\"2015-01-26T09:36:56+00:00\",\"breadcrumb\":{\"@id\":\"http:\/\/krankengymnastik-flensburg.de\/physio\/migraenebehandlung\/#breadcrumb\"},\"inLanguage\":\"de\",\"potentialAction\":[{\"@type\":\"ReadAction\",\"target\":[\"http:\/\/krankengymnastik-flensburg.de\/physio\/migraenebehandlung\/\"]}]},{\"@type\":\"BreadcrumbList\",\"@id\":\"http:\/\/krankengymnastik-flensburg.de\/physio\/migraenebehandlung\/#breadcrumb\",\"itemListElement\":[{\"@type\":\"ListItem\",\"position\":1,\"name\":\"Home\",\"item\":\"http:\/\/krankengymnastik-flensburg.de\/physio\/\"},{\"@type\":\"ListItem\",\"position\":2,\"name\":\"Migr\\u00e4nebehandlung\"}]}]}<\/script>\n<!-- \/ Yoast SEO plugin. -->","yoast_head_json":{"robots":{"index":"index","follow":"follow","max-snippet":"max-snippet:-1","max-image-preview":"max-image-preview:large","max-video-preview":"max-video-preview:-1"},"canonical":"http:\/\/krankengymnastik-flensburg.de\/physio\/migraenebehandlung\/","og_locale":"de_DE","og_type":"article","og_title":"Migr\u00e4nebehandlung - Physiotherapie Gorm Larsen","og_description":"H\u00e4ufig\u00a0wird das &#8222;Gewitter im Kopf &#8220; durch eine k\u00f6rperliche Dysbalance ausgel\u00f6st. Sollte dies der Fall sein, k\u00f6nnen wir mit verschieden Techniken therapieren. Dysbalancen der Muskulatur und m\u00f6gliche Gelenkblockaden werden mit der manuellen Therapie sanft aber erfolgreich gel\u00f6st. Ganzheitlicher kann mit osteopathischen Techniken ein sehr guter Erfolg erzielt werden. Diese Technik wird in unserer Praxis von Gorm Larsen durchgef\u00fchrt. Er ertastet&hellip; weiterlesen &rarr;","og_url":"http:\/\/krankengymnastik-flensburg.de\/physio\/migraenebehandlung\/","og_site_name":"Physiotherapie Gorm Larsen","schema":{"@context":"https:\/\/schema.org","@graph":[{"@type":"WebSite","@id":"http:\/\/krankengymnastik-flensburg.de\/physio\/#website","url":"http:\/\/krankengymnastik-flensburg.de\/physio\/","name":"Physiotherapie Gorm Larsen","description":"Krankengymnastik Flensburg","potentialAction":[{"@type":"SearchAction","target":{"@type":"EntryPoint","urlTemplate":"http:\/\/krankengymnastik-flensburg.de\/physio\/?s={search_term_string}"},"query-input":"required name=search_term_string"}],"inLanguage":"de"},{"@type":"WebPage","@id":"http:\/\/krankengymnastik-flensburg.de\/physio\/migraenebehandlung\/#webpage","url":"http:\/\/krankengymnastik-flensburg.de\/physio\/migraenebehandlung\/","name":"Migr\u00e4nebehandlung - Physiotherapie Gorm Larsen","isPartOf":{"@id":"http:\/\/krankengymnastik-flensburg.de\/physio\/#website"},"datePublished":"2015-01-26T09:36:56+00:00","dateModified":"2015-01-26T09:36:56+00:00","breadcrumb":{"@id":"http:\/\/krankengymnastik-flensburg.de\/physio\/migraenebehandlung\/#breadcrumb"},"inLanguage":"de","potentialAction":[{"@type":"ReadAction","target":["http:\/\/krankengymnastik-flensburg.de\/physio\/migraenebehandlung\/"]}]},{"@type":"BreadcrumbList","@id":"http:\/\/krankengymnastik-flensburg.de\/physio\/migraenebehandlung\/#breadcrumb","itemListElement":[{"@type":"ListItem","position":1,"name":"Home","item":"http:\/\/krankengymnastik-flensburg.de\/physio\/"},{"@type":"ListItem","position":2,"name":"Migr\u00e4nebehandlung"}]}]}},"_links":{"self":[{"href":"http:\/\/krankengymnastik-flensburg.de\/physio\/wp-json\/wp\/v2\/pages\/589"}],"collection":[{"href":"http:\/\/krankengymnastik-flensburg.de\/physio\/wp-json\/wp\/v2\/pages"}],"about":[{"href":"http:\/\/krankengymnastik-flensburg.de\/physio\/wp-json\/wp\/v2\/types\/page"}],"author":[{"embeddable":true,"href":"http:\/\/krankengymnastik-flensburg.de\/physio\/wp-json\/wp\/v2\/users\/2"}],"replies":[{"embeddable":true,"href":"http:\/\/krankengymnastik-flensburg.de\/physio\/wp-json\/wp\/v2\/comments?post=589"}],"version-history":[{"count":3,"href":"http:\/\/krankengymnastik-flensburg.de\/physio\/wp-json\/wp\/v2\/pages\/589\/revisions"}],"predecessor-version":[{"id":631,"href":"http:\/\/krankengymnastik-flensburg.de\/physio\/wp-json\/wp\/v2\/pages\/589\/revisions\/631"}],"wp:attachment":[{"href":"http:\/\/krankengymnastik-flensburg.de\/physio\/wp-json\/wp\/v2\/media?parent=589"}],"curies":[{"name":"wp","href":"https:\/\/api.w.org\/{rel}","templated":true}]}}