{"id":592,"date":"2015-01-24T21:02:38","date_gmt":"2015-01-24T19:02:38","guid":{"rendered":"http:\/\/krankengymnastik-flensburg.de\/physio\/?page_id=592"},"modified":"2015-01-26T11:34:08","modified_gmt":"2015-01-26T09:34:08","slug":"heisse-rolle-hr","status":"publish","type":"page","link":"http:\/\/krankengymnastik-flensburg.de\/physio\/heisse-rolle-hr\/","title":{"rendered":"Hei\u00dfe Rolle (HR)"},"content":{"rendered":"<p>Die hei\u00dfe Rolle wird meist im Zusammenhang mit Massagen oder Krankengymnastik vom Arzt verordnet. Sie bietet die M\u00f6glichkeit der lokalen W\u00e4rmeapplikation.<\/p>\n<p>Der Therapeut rollt dazu Handt\u00fccher trichterf\u00f6rmig auf und durchtr\u00e4nkt diese dann mit sehr hei\u00dfem \/ kochenden Wasser. Mit kurzen und kr\u00e4ftigen Druckbewegungen wird die hei\u00dfe Rolle an die gew\u00fcnschte\u00a0K\u00f6rperstelle aufgetragen. Die Rolle, die ja aus mehreren Schichten besteht, wird nun immer wieder abgerollt, so das die gespeicherte Hitze aufgetragen werden kann.<\/p>\n<p>Es kommt zu einer deutlichen Mehrdurchblutung der behandelten K\u00f6rperstellen und durch die gut steuerbare Anwendung, wird der Kreislauf kaum belastet und die Wirksamkeit ist sehr hoch.<\/p>\n","protected":false},"excerpt":{"rendered":"<p class=\"excerpt\">Die hei\u00dfe Rolle wird meist im Zusammenhang mit Massagen oder Krankengymnastik vom Arzt verordnet. Sie bietet die M\u00f6glichkeit der lokalen W\u00e4rmeapplikation. Der Therapeut rollt dazu Handt\u00fccher trichterf\u00f6rmig auf und durchtr\u00e4nkt diese dann mit sehr hei\u00dfem \/ kochenden Wasser. Mit kurzen und kr\u00e4ftigen Druckbewegungen wird die hei\u00dfe Rolle an die gew\u00fcnschte\u00a0K\u00f6rperstelle aufgetragen. Die Rolle, die ja aus mehreren Schichten besteht, wird&hellip; <a href=\"http:\/\/krankengymnastik-flensburg.de\/physio\/heisse-rolle-hr\/\">weiterlesen &rarr;<\/a><\/p>\n","protected":false},"author":2,"featured_media":0,"parent":0,"menu_order":0,"comment_status":"closed","ping_status":"closed","template":"","meta":[],"yoast_head":"<!-- This site is optimized with the Yoast SEO plugin v17.1 - https:\/\/yoast.com\/wordpress\/plugins\/seo\/ -->\n<meta name=\"robots\" content=\"index, follow, max-snippet:-1, max-image-preview:large, max-video-preview:-1\" \/>\n<link rel=\"canonical\" href=\"http:\/\/krankengymnastik-flensburg.de\/physio\/heisse-rolle-hr\/\" \/>\n<meta property=\"og:locale\" content=\"de_DE\" \/>\n<meta property=\"og:type\" content=\"article\" \/>\n<meta property=\"og:title\" content=\"Hei\u00dfe Rolle (HR) - Physiotherapie Gorm Larsen\" \/>\n<meta property=\"og:description\" content=\"Die hei\u00dfe Rolle wird meist im Zusammenhang mit Massagen oder Krankengymnastik vom Arzt verordnet. Sie bietet die M\u00f6glichkeit der lokalen W\u00e4rmeapplikation. Der Therapeut rollt dazu Handt\u00fccher trichterf\u00f6rmig auf und durchtr\u00e4nkt diese dann mit sehr hei\u00dfem \/ kochenden Wasser. Mit kurzen und kr\u00e4ftigen Druckbewegungen wird die hei\u00dfe Rolle an die gew\u00fcnschte\u00a0K\u00f6rperstelle aufgetragen. Die Rolle, die ja aus mehreren Schichten besteht, wird&hellip; weiterlesen &rarr;\" \/>\n<meta property=\"og:url\" content=\"http:\/\/krankengymnastik-flensburg.de\/physio\/heisse-rolle-hr\/\" \/>\n<meta property=\"og:site_name\" content=\"Physiotherapie Gorm Larsen\" \/>\n<meta property=\"article:modified_time\" content=\"2015-01-26T09:34:08+00:00\" \/>\n<meta name=\"twitter:label1\" content=\"Gesch\u00e4tzte Lesezeit\" \/>\n\t<meta name=\"twitter:data1\" content=\"1\u00a0Minute\" \/>\n<script type=\"application\/ld+json\" class=\"yoast-schema-graph\">{\"@context\":\"https:\/\/schema.org\",\"@graph\":[{\"@type\":\"WebSite\",\"@id\":\"http:\/\/krankengymnastik-flensburg.de\/physio\/#website\",\"url\":\"http:\/\/krankengymnastik-flensburg.de\/physio\/\",\"name\":\"Physiotherapie Gorm Larsen\",\"description\":\"Krankengymnastik Flensburg\",\"potentialAction\":[{\"@type\":\"SearchAction\",\"target\":{\"@type\":\"EntryPoint\",\"urlTemplate\":\"http:\/\/krankengymnastik-flensburg.de\/physio\/?s={search_term_string}\"},\"query-input\":\"required name=search_term_string\"}],\"inLanguage\":\"de\"},{\"@type\":\"WebPage\",\"@id\":\"http:\/\/krankengymnastik-flensburg.de\/physio\/heisse-rolle-hr\/#webpage\",\"url\":\"http:\/\/krankengymnastik-flensburg.de\/physio\/heisse-rolle-hr\/\",\"name\":\"Hei\\u00dfe Rolle (HR) - Physiotherapie Gorm Larsen\",\"isPartOf\":{\"@id\":\"http:\/\/krankengymnastik-flensburg.de\/physio\/#website\"},\"datePublished\":\"2015-01-24T19:02:38+00:00\",\"dateModified\":\"2015-01-26T09:34:08+00:00\",\"breadcrumb\":{\"@id\":\"http:\/\/krankengymnastik-flensburg.de\/physio\/heisse-rolle-hr\/#breadcrumb\"},\"inLanguage\":\"de\",\"potentialAction\":[{\"@type\":\"ReadAction\",\"target\":[\"http:\/\/krankengymnastik-flensburg.de\/physio\/heisse-rolle-hr\/\"]}]},{\"@type\":\"BreadcrumbList\",\"@id\":\"http:\/\/krankengymnastik-flensburg.de\/physio\/heisse-rolle-hr\/#breadcrumb\",\"itemListElement\":[{\"@type\":\"ListItem\",\"position\":1,\"name\":\"Home\",\"item\":\"http:\/\/krankengymnastik-flensburg.de\/physio\/\"},{\"@type\":\"ListItem\",\"position\":2,\"name\":\"Hei\\u00dfe Rolle (HR)\"}]}]}<\/script>\n<!-- \/ Yoast SEO plugin. -->","yoast_head_json":{"robots":{"index":"index","follow":"follow","max-snippet":"max-snippet:-1","max-image-preview":"max-image-preview:large","max-video-preview":"max-video-preview:-1"},"canonical":"http:\/\/krankengymnastik-flensburg.de\/physio\/heisse-rolle-hr\/","og_locale":"de_DE","og_type":"article","og_title":"Hei\u00dfe Rolle (HR) - Physiotherapie Gorm Larsen","og_description":"Die hei\u00dfe Rolle wird meist im Zusammenhang mit Massagen oder Krankengymnastik vom Arzt verordnet. Sie bietet die M\u00f6glichkeit der lokalen W\u00e4rmeapplikation. Der Therapeut rollt dazu Handt\u00fccher trichterf\u00f6rmig auf und durchtr\u00e4nkt diese dann mit sehr hei\u00dfem \/ kochenden Wasser. Mit kurzen und kr\u00e4ftigen Druckbewegungen wird die hei\u00dfe Rolle an die gew\u00fcnschte\u00a0K\u00f6rperstelle aufgetragen. Die Rolle, die ja aus mehreren Schichten besteht, wird&hellip; weiterlesen &rarr;","og_url":"http:\/\/krankengymnastik-flensburg.de\/physio\/heisse-rolle-hr\/","og_site_name":"Physiotherapie Gorm Larsen","article_modified_time":"2015-01-26T09:34:08+00:00","twitter_misc":{"Gesch\u00e4tzte Lesezeit":"1\u00a0Minute"},"schema":{"@context":"https:\/\/schema.org","@graph":[{"@type":"WebSite","@id":"http:\/\/krankengymnastik-flensburg.de\/physio\/#website","url":"http:\/\/krankengymnastik-flensburg.de\/physio\/","name":"Physiotherapie Gorm Larsen","description":"Krankengymnastik Flensburg","potentialAction":[{"@type":"SearchAction","target":{"@type":"EntryPoint","urlTemplate":"http:\/\/krankengymnastik-flensburg.de\/physio\/?s={search_term_string}"},"query-input":"required name=search_term_string"}],"inLanguage":"de"},{"@type":"WebPage","@id":"http:\/\/krankengymnastik-flensburg.de\/physio\/heisse-rolle-hr\/#webpage","url":"http:\/\/krankengymnastik-flensburg.de\/physio\/heisse-rolle-hr\/","name":"Hei\u00dfe Rolle (HR) - Physiotherapie Gorm Larsen","isPartOf":{"@id":"http:\/\/krankengymnastik-flensburg.de\/physio\/#website"},"datePublished":"2015-01-24T19:02:38+00:00","dateModified":"2015-01-26T09:34:08+00:00","breadcrumb":{"@id":"http:\/\/krankengymnastik-flensburg.de\/physio\/heisse-rolle-hr\/#breadcrumb"},"inLanguage":"de","potentialAction":[{"@type":"ReadAction","target":["http:\/\/krankengymnastik-flensburg.de\/physio\/heisse-rolle-hr\/"]}]},{"@type":"BreadcrumbList","@id":"http:\/\/krankengymnastik-flensburg.de\/physio\/heisse-rolle-hr\/#breadcrumb","itemListElement":[{"@type":"ListItem","position":1,"name":"Home","item":"http:\/\/krankengymnastik-flensburg.de\/physio\/"},{"@type":"ListItem","position":2,"name":"Hei\u00dfe Rolle (HR)"}]}]}},"_links":{"self":[{"href":"http:\/\/krankengymnastik-flensburg.de\/physio\/wp-json\/wp\/v2\/pages\/592"}],"collection":[{"href":"http:\/\/krankengymnastik-flensburg.de\/physio\/wp-json\/wp\/v2\/pages"}],"about":[{"href":"http:\/\/krankengymnastik-flensburg.de\/physio\/wp-json\/wp\/v2\/types\/page"}],"author":[{"embeddable":true,"href":"http:\/\/krankengymnastik-flensburg.de\/physio\/wp-json\/wp\/v2\/users\/2"}],"replies":[{"embeddable":true,"href":"http:\/\/krankengymnastik-flensburg.de\/physio\/wp-json\/wp\/v2\/comments?post=592"}],"version-history":[{"count":3,"href":"http:\/\/krankengymnastik-flensburg.de\/physio\/wp-json\/wp\/v2\/pages\/592\/revisions"}],"predecessor-version":[{"id":621,"href":"http:\/\/krankengymnastik-flensburg.de\/physio\/wp-json\/wp\/v2\/pages\/592\/revisions\/621"}],"wp:attachment":[{"href":"http:\/\/krankengymnastik-flensburg.de\/physio\/wp-json\/wp\/v2\/media?parent=592"}],"curies":[{"name":"wp","href":"https:\/\/api.w.org\/{rel}","templated":true}]}}