{"id":6,"date":"2014-08-15T16:05:24","date_gmt":"2014-08-15T14:05:24","guid":{"rendered":"http:\/\/krankengymnastik-flensburg.de\/cms\/?page_id=6"},"modified":"2024-08-23T08:34:09","modified_gmt":"2024-08-23T06:34:09","slug":"willkommen","status":"publish","type":"page","link":"http:\/\/krankengymnastik-flensburg.de\/physio\/","title":{"rendered":"Willkommen! Velkommen &#8211; vi taler dansk!"},"content":{"rendered":"<h2>Praxis f\u00fcr Physiotherapie <em>Gorm Larsen<\/em><\/h2>\n<h2><span style=\"float: right; margin-right: 6px;\"><a title=\"til den danske side p\u00e5 fysioterapi flensborg\" href=\"http:\/\/krankengymnastik-flensburg.de\/physio\/fysioterapi-tyskland\/\"><img src=\"http:\/\/krankengymnastik-flensburg.de\/physio\/dansk.gif\" alt=\"fysioterapi flensborg, vi taler dansk!\" \/><\/a><\/span><\/h2>\n<p>Sch\u00f6n, dass Sie uns gefunden haben!<\/p>\n<p>Wir sind seit nunmehr 32 Jahren in Flensburg als physiotherapeutische Praxis mit den Schwerpunkten<\/p>\n<ul>\n<li><a title=\"Krankengymnastik\" href=\"http:\/\/krankengymnastik-flensburg.de\/physio\/krankengymnastik\/\">Krankengymnastik<\/a><\/li>\n<li><\/li>\n<li><a title=\"Manuelle Lymphdrainage\" href=\"http:\/\/krankengymnastik-flensburg.de\/physio\/manuelle-lymphdrainage\/\">Lymphdrainage<\/a><\/li>\n<li><a title=\"Manuelle Therapie\" href=\"http:\/\/krankengymnastik-flensburg.de\/physio\/manuelle-therapie\/\">manuelle Therapie<\/a><\/li>\n<li><a title=\"Schr\u00f6pfen\" href=\"http:\/\/krankengymnastik-flensburg.de\/physio\/schroepfen\/\">Schr\u00f6pfmassage<\/a><\/li>\n<li><a href=\"http:\/\/krankengymnastik-flensburg.de\/physio\/faszientherapie\/\">Faszientherapie<\/a><\/li>\n<\/ul>\n<p>t\u00e4tig.<\/p>\n<p>Den Mittelpunkt unserer therapeutischen Arbeit bildet die professionelle und individuell ausgerichtete Behandlung eines jeden Patienten mittels modernster Methoden in angenehmer Atmosph\u00e4re. Regelm\u00e4\u00dfige Schulungen und Fortbildungen garantieren Ihnen die gleichbleibend hohe Qualit\u00e4t unserer Arbeit.<\/p>\n<p>Wir betreuen Sie in unserer modern eingerichteten Praxis auf einer Fl\u00e4che von 190 m\u00b2. Neben unserer Expertise und Erfahrung gew\u00e4hrleisten moderne Ger\u00e4te und Methoden eine Behandlung auf h\u00f6chstem Niveau.<\/p>\n<p><strong>Unsere Praxis ist barrierefrei! <\/strong>Der barrierefreie Eingang befindet sich rechts vom Haus,\u00a0im Seiteneingang.<\/p>\n<p>Sie finden unsere Praxis im Norden Flensburgs im <a title=\"Kontakt &amp; \u00d6ffnungszeiten\" href=\"http:\/\/krankengymnastik-flensburg.de\/physio\/kontakt\/\">Tondernweg 3<\/a>. Es stehen ausreichend Parkpl\u00e4tze direkt vor der Praxis zur Verf\u00fcgung. Vereinbaren Sie bitte vor Ihrem Besuch einen Termin unter der Telefonnummer <strong>0461 &#8211; 44 100<\/strong>.<\/p>\n<p>Wir freuen uns auf Ihren Besuch!<\/p>\n<p><em>Ihr Gorm Larsen und Team<\/em><\/p>\n<h3>Das sagen unsere Patienten<\/h3>\n<blockquote><p><em>Ich bin seit \u00fcber 2 Jahren regelm\u00e4\u00dfig in Behandlung bei Herrn Larsen und f\u00fchle mich dort immer gut betreut und sch\u00e4tze die ruhige, professionelle Atmosph\u00e4re.<\/em><br \/>\n[ Ingeborg H. ]<\/p><\/blockquote>\n<blockquote><p><em>Nettes Team und gute, z\u00fcgige Arbeit, praktisch keine Wartezeiten und Parkplatz vor der T\u00fcr, super.<\/em><br \/>\n[ Georg C. ]<\/p><\/blockquote>\n<blockquote><p><i>Famili\u00e4re Atmosph\u00e4re und man nie das Gef\u00fchl nur eine &#8222;Nummer&#8220; zu sein. Sehr angenehm.<\/i><br \/>\n[ Peter S. ]<\/p><\/blockquote>\n<blockquote><p><i>Ich bin schon seit \u00fcber 20 Jahren immer wieder Patientin von Herrn Larsen. Bei ihm und seinem Team f\u00fchle ich mich sehr gut aufgehoben und mir wurde stets geholfen. Danke!<\/i><br \/>\n[ Hennie O. ]<\/p><\/blockquote>\n<hr \/>\n<p><span class=\"tag-small\"><strong><em>Tags: Physiotherapeut, Sportphysiotherapeut, Krankengymnast, Masseur, Handtherapeut, R\u00fcckenschullehrer <\/em><\/strong><\/span><\/p>\n","protected":false},"excerpt":{"rendered":"<p class=\"excerpt\">Praxis f\u00fcr Physiotherapie Gorm Larsen Sch\u00f6n, dass Sie uns gefunden haben! Wir sind seit nunmehr 32 Jahren in Flensburg als physiotherapeutische Praxis mit den Schwerpunkten Krankengymnastik Lymphdrainage manuelle Therapie Schr\u00f6pfmassage Faszientherapie t\u00e4tig. Den Mittelpunkt unserer therapeutischen Arbeit bildet die professionelle und individuell ausgerichtete Behandlung eines jeden Patienten mittels modernster Methoden in angenehmer Atmosph\u00e4re. Regelm\u00e4\u00dfige Schulungen und Fortbildungen garantieren Ihnen die&hellip; <a href=\"http:\/\/krankengymnastik-flensburg.de\/physio\/\">weiterlesen &rarr;<\/a><\/p>\n","protected":false},"author":1,"featured_media":0,"parent":0,"menu_order":0,"comment_status":"closed","ping_status":"closed","template":"","meta":[],"yoast_head":"<!-- This site is optimized with the Yoast SEO plugin v17.1 - https:\/\/yoast.com\/wordpress\/plugins\/seo\/ -->\n<meta name=\"description\" content=\"In der Praxis f\u00fcr Physiotherapie Flensburg behandeln Gorm Larsen und Team seine Patienten seit \u00fcber 20 Jahren professionell und stets zuvorkommend.\" \/>\n<meta name=\"robots\" content=\"index, follow, max-snippet:-1, max-image-preview:large, max-video-preview:-1\" \/>\n<link rel=\"canonical\" href=\"http:\/\/krankengymnastik-flensburg.de\/physio\/\" \/>\n<meta property=\"og:locale\" content=\"de_DE\" \/>\n<meta property=\"og:type\" content=\"article\" \/>\n<meta property=\"og:title\" content=\"Krankengymnastik &amp; Physiotherapie Flensburg | Gorm Larsen\" \/>\n<meta property=\"og:description\" content=\"In der Praxis f\u00fcr Physiotherapie Flensburg behandeln Gorm Larsen und Team seine Patienten seit \u00fcber 20 Jahren professionell und stets zuvorkommend.\" \/>\n<meta property=\"og:url\" content=\"http:\/\/krankengymnastik-flensburg.de\/physio\/\" \/>\n<meta property=\"og:site_name\" content=\"Physiotherapie Gorm Larsen\" \/>\n<meta property=\"article:modified_time\" content=\"2024-08-23T06:34:09+00:00\" \/>\n<meta property=\"og:image\" content=\"http:\/\/krankengymnastik-flensburg.de\/physio\/dansk.gif\" \/>\n<meta name=\"twitter:label1\" content=\"Gesch\u00e4tzte Lesezeit\" \/>\n\t<meta name=\"twitter:data1\" content=\"2\u00a0Minuten\" \/>\n<script type=\"application\/ld+json\" class=\"yoast-schema-graph\">{\"@context\":\"https:\/\/schema.org\",\"@graph\":[{\"@type\":\"WebSite\",\"@id\":\"http:\/\/krankengymnastik-flensburg.de\/physio\/#website\",\"url\":\"http:\/\/krankengymnastik-flensburg.de\/physio\/\",\"name\":\"Physiotherapie Gorm Larsen\",\"description\":\"Krankengymnastik Flensburg\",\"potentialAction\":[{\"@type\":\"SearchAction\",\"target\":{\"@type\":\"EntryPoint\",\"urlTemplate\":\"http:\/\/krankengymnastik-flensburg.de\/physio\/?s={search_term_string}\"},\"query-input\":\"required name=search_term_string\"}],\"inLanguage\":\"de\"},{\"@type\":\"ImageObject\",\"@id\":\"http:\/\/krankengymnastik-flensburg.de\/physio\/#primaryimage\",\"inLanguage\":\"de\",\"url\":\"http:\/\/krankengymnastik-flensburg.de\/physio\/dansk.gif\",\"contentUrl\":\"http:\/\/krankengymnastik-flensburg.de\/physio\/dansk.gif\"},{\"@type\":\"WebPage\",\"@id\":\"http:\/\/krankengymnastik-flensburg.de\/physio\/#webpage\",\"url\":\"http:\/\/krankengymnastik-flensburg.de\/physio\/\",\"name\":\"Krankengymnastik & Physiotherapie Flensburg | Gorm Larsen\",\"isPartOf\":{\"@id\":\"http:\/\/krankengymnastik-flensburg.de\/physio\/#website\"},\"primaryImageOfPage\":{\"@id\":\"http:\/\/krankengymnastik-flensburg.de\/physio\/#primaryimage\"},\"datePublished\":\"2014-08-15T14:05:24+00:00\",\"dateModified\":\"2024-08-23T06:34:09+00:00\",\"description\":\"In der Praxis f\\u00fcr Physiotherapie Flensburg behandeln Gorm Larsen und Team seine Patienten seit \\u00fcber 20 Jahren professionell und stets zuvorkommend.\",\"breadcrumb\":{\"@id\":\"http:\/\/krankengymnastik-flensburg.de\/physio\/#breadcrumb\"},\"inLanguage\":\"de\",\"potentialAction\":[{\"@type\":\"ReadAction\",\"target\":[\"http:\/\/krankengymnastik-flensburg.de\/physio\/\"]}]},{\"@type\":\"BreadcrumbList\",\"@id\":\"http:\/\/krankengymnastik-flensburg.de\/physio\/#breadcrumb\",\"itemListElement\":[{\"@type\":\"ListItem\",\"position\":1,\"name\":\"Home\",\"item\":\"http:\/\/krankengymnastik-flensburg.de\/physio\/\"},{\"@type\":\"ListItem\",\"position\":2,\"name\":\"Willkommen! Velkommen &#8211; vi taler dansk!\"}]}]}<\/script>\n<!-- \/ Yoast SEO plugin. -->","yoast_head_json":{"description":"In der Praxis f\u00fcr Physiotherapie Flensburg behandeln Gorm Larsen und Team seine Patienten seit \u00fcber 20 Jahren professionell und stets zuvorkommend.","robots":{"index":"index","follow":"follow","max-snippet":"max-snippet:-1","max-image-preview":"max-image-preview:large","max-video-preview":"max-video-preview:-1"},"canonical":"http:\/\/krankengymnastik-flensburg.de\/physio\/","og_locale":"de_DE","og_type":"article","og_title":"Krankengymnastik & Physiotherapie Flensburg | Gorm Larsen","og_description":"In der Praxis f\u00fcr Physiotherapie Flensburg behandeln Gorm Larsen und Team seine Patienten seit \u00fcber 20 Jahren professionell und stets zuvorkommend.","og_url":"http:\/\/krankengymnastik-flensburg.de\/physio\/","og_site_name":"Physiotherapie Gorm Larsen","article_modified_time":"2024-08-23T06:34:09+00:00","og_image":[{"url":"http:\/\/krankengymnastik-flensburg.de\/physio\/dansk.gif"}],"twitter_misc":{"Gesch\u00e4tzte Lesezeit":"2\u00a0Minuten"},"schema":{"@context":"https:\/\/schema.org","@graph":[{"@type":"WebSite","@id":"http:\/\/krankengymnastik-flensburg.de\/physio\/#website","url":"http:\/\/krankengymnastik-flensburg.de\/physio\/","name":"Physiotherapie Gorm Larsen","description":"Krankengymnastik Flensburg","potentialAction":[{"@type":"SearchAction","target":{"@type":"EntryPoint","urlTemplate":"http:\/\/krankengymnastik-flensburg.de\/physio\/?s={search_term_string}"},"query-input":"required name=search_term_string"}],"inLanguage":"de"},{"@type":"ImageObject","@id":"http:\/\/krankengymnastik-flensburg.de\/physio\/#primaryimage","inLanguage":"de","url":"http:\/\/krankengymnastik-flensburg.de\/physio\/dansk.gif","contentUrl":"http:\/\/krankengymnastik-flensburg.de\/physio\/dansk.gif"},{"@type":"WebPage","@id":"http:\/\/krankengymnastik-flensburg.de\/physio\/#webpage","url":"http:\/\/krankengymnastik-flensburg.de\/physio\/","name":"Krankengymnastik & Physiotherapie Flensburg | Gorm Larsen","isPartOf":{"@id":"http:\/\/krankengymnastik-flensburg.de\/physio\/#website"},"primaryImageOfPage":{"@id":"http:\/\/krankengymnastik-flensburg.de\/physio\/#primaryimage"},"datePublished":"2014-08-15T14:05:24+00:00","dateModified":"2024-08-23T06:34:09+00:00","description":"In der Praxis f\u00fcr Physiotherapie Flensburg behandeln Gorm Larsen und Team seine Patienten seit \u00fcber 20 Jahren professionell und stets zuvorkommend.","breadcrumb":{"@id":"http:\/\/krankengymnastik-flensburg.de\/physio\/#breadcrumb"},"inLanguage":"de","potentialAction":[{"@type":"ReadAction","target":["http:\/\/krankengymnastik-flensburg.de\/physio\/"]}]},{"@type":"BreadcrumbList","@id":"http:\/\/krankengymnastik-flensburg.de\/physio\/#breadcrumb","itemListElement":[{"@type":"ListItem","position":1,"name":"Home","item":"http:\/\/krankengymnastik-flensburg.de\/physio\/"},{"@type":"ListItem","position":2,"name":"Willkommen! Velkommen &#8211; vi taler dansk!"}]}]}},"_links":{"self":[{"href":"http:\/\/krankengymnastik-flensburg.de\/physio\/wp-json\/wp\/v2\/pages\/6"}],"collection":[{"href":"http:\/\/krankengymnastik-flensburg.de\/physio\/wp-json\/wp\/v2\/pages"}],"about":[{"href":"http:\/\/krankengymnastik-flensburg.de\/physio\/wp-json\/wp\/v2\/types\/page"}],"author":[{"embeddable":true,"href":"http:\/\/krankengymnastik-flensburg.de\/physio\/wp-json\/wp\/v2\/users\/1"}],"replies":[{"embeddable":true,"href":"http:\/\/krankengymnastik-flensburg.de\/physio\/wp-json\/wp\/v2\/comments?post=6"}],"version-history":[{"count":103,"href":"http:\/\/krankengymnastik-flensburg.de\/physio\/wp-json\/wp\/v2\/pages\/6\/revisions"}],"predecessor-version":[{"id":1021,"href":"http:\/\/krankengymnastik-flensburg.de\/physio\/wp-json\/wp\/v2\/pages\/6\/revisions\/1021"}],"wp:attachment":[{"href":"http:\/\/krankengymnastik-flensburg.de\/physio\/wp-json\/wp\/v2\/media?parent=6"}],"curies":[{"name":"wp","href":"https:\/\/api.w.org\/{rel}","templated":true}]}}