{"id":63,"date":"2014-08-28T11:37:21","date_gmt":"2014-08-28T09:37:21","guid":{"rendered":"http:\/\/krankengymnastik-flensburg.de\/cms\/?page_id=63"},"modified":"2021-11-14T20:22:41","modified_gmt":"2021-11-14T18:22:41","slug":"private-leistungen","status":"publish","type":"page","link":"http:\/\/krankengymnastik-flensburg.de\/physio\/private-leistungen\/","title":{"rendered":"Private Leistungen"},"content":{"rendered":"<p>Nicht alle Leistungen, welche wir in unserer Praxis erbringen, werden von den gesetzlichen Krankenkassen bezahlt. Dies betrifft leider auch aus medizinischer Sicht anerkannte und h\u00e4ufig erfolgreich angewandte Therapien, wie z.B. die osteopathischen Techniken.<\/p>\n<p>Um sicherzugehen, ob Ihre private Versicherung die Kosten einer Behandlung \u00fcbernimmt, fragen Sie bitte dort oder bei uns nach.<\/p>\n<p>Nat\u00fcrlich k\u00f6nnen Sie auch als gesetzlich Versicherter in den Genuss einer Behandlung in unserer Praxis kommen, wenn wir diese mit Ihnen als Selbstzahler abrechnen.<\/p>\n<h3>Unsere privaten\u00a0Leistungen<\/h3>\n<ul>\n<li><a title=\"Schr\u00f6pfen\" href=\"http:\/\/krankengymnastik-flensburg.de\/physio\/schroepfen\/\">Schr\u00f6pfmasssage<\/a><\/li>\n<li><a title=\"Massage\" href=\"http:\/\/krankengymnastik-flensburg.de\/physio\/massage\/\">Wohlf\u00fchlmassage<\/a><\/li>\n<li><a title=\"Fu\u00dfreflexzonenmassage\" href=\"http:\/\/krankengymnastik-flensburg.de\/physio\/fussreflexzonenmassage\/\"><span style=\"line-height: 1.428571429;\">Fu\u00dfreflexzonenmassage<\/span><\/a><\/li>\n<li><a title=\"Osteopathische Techniken\" href=\"http:\/\/krankengymnastik-flensburg.de\/physio\/osteopathische-techniken\/\"><span style=\"line-height: 1.428571429;\">Osteopathische Techniken<\/span><\/a><\/li>\n<li><a title=\"Aroma\u00f6lmassage\" href=\"http:\/\/krankengymnastik-flensburg.de\/physio\/aromaoelmassage\/\"><span style=\"line-height: 1.428571429;\">Aroma\u00f6lmassage<\/span><\/a><\/li>\n<li><a title=\"Krankengymnastik am Ger\u00e4t\" href=\"http:\/\/krankengymnastik-flensburg.de\/physio\/krankengymnastik-am-geraet\/\">Ger\u00e4tetraining<\/a><\/li>\n<li><\/li>\n<\/ul>\n","protected":false},"excerpt":{"rendered":"<p class=\"excerpt\">Nicht alle Leistungen, welche wir in unserer Praxis erbringen, werden von den gesetzlichen Krankenkassen bezahlt. Dies betrifft leider auch aus medizinischer Sicht anerkannte und h\u00e4ufig erfolgreich angewandte Therapien, wie z.B. die osteopathischen Techniken. Um sicherzugehen, ob Ihre private Versicherung die Kosten einer Behandlung \u00fcbernimmt, fragen Sie bitte dort oder bei uns nach. Nat\u00fcrlich k\u00f6nnen Sie auch als gesetzlich Versicherter in&hellip; <a href=\"http:\/\/krankengymnastik-flensburg.de\/physio\/private-leistungen\/\">weiterlesen &rarr;<\/a><\/p>\n","protected":false},"author":1,"featured_media":0,"parent":0,"menu_order":0,"comment_status":"closed","ping_status":"closed","template":"","meta":[],"yoast_head":"<!-- This site is optimized with the Yoast SEO plugin v17.1 - https:\/\/yoast.com\/wordpress\/plugins\/seo\/ -->\n<meta name=\"robots\" content=\"index, follow, max-snippet:-1, max-image-preview:large, max-video-preview:-1\" \/>\n<link rel=\"canonical\" href=\"http:\/\/krankengymnastik-flensburg.de\/physio\/private-leistungen\/\" \/>\n<meta property=\"og:locale\" content=\"de_DE\" \/>\n<meta property=\"og:type\" content=\"article\" \/>\n<meta property=\"og:title\" content=\"Private Leistungen - Physiotherapie Gorm Larsen\" \/>\n<meta property=\"og:description\" content=\"Nicht alle Leistungen, welche wir in unserer Praxis erbringen, werden von den gesetzlichen Krankenkassen bezahlt. Dies betrifft leider auch aus medizinischer Sicht anerkannte und h\u00e4ufig erfolgreich angewandte Therapien, wie z.B. die osteopathischen Techniken. Um sicherzugehen, ob Ihre private Versicherung die Kosten einer Behandlung \u00fcbernimmt, fragen Sie bitte dort oder bei uns nach. Nat\u00fcrlich k\u00f6nnen Sie auch als gesetzlich Versicherter in&hellip; weiterlesen &rarr;\" \/>\n<meta property=\"og:url\" content=\"http:\/\/krankengymnastik-flensburg.de\/physio\/private-leistungen\/\" \/>\n<meta property=\"og:site_name\" content=\"Physiotherapie Gorm Larsen\" \/>\n<meta property=\"article:modified_time\" content=\"2021-11-14T18:22:41+00:00\" \/>\n<meta name=\"twitter:label1\" content=\"Gesch\u00e4tzte Lesezeit\" \/>\n\t<meta name=\"twitter:data1\" content=\"1\u00a0Minute\" \/>\n<script type=\"application\/ld+json\" class=\"yoast-schema-graph\">{\"@context\":\"https:\/\/schema.org\",\"@graph\":[{\"@type\":\"WebSite\",\"@id\":\"http:\/\/krankengymnastik-flensburg.de\/physio\/#website\",\"url\":\"http:\/\/krankengymnastik-flensburg.de\/physio\/\",\"name\":\"Physiotherapie Gorm Larsen\",\"description\":\"Krankengymnastik Flensburg\",\"potentialAction\":[{\"@type\":\"SearchAction\",\"target\":{\"@type\":\"EntryPoint\",\"urlTemplate\":\"http:\/\/krankengymnastik-flensburg.de\/physio\/?s={search_term_string}\"},\"query-input\":\"required name=search_term_string\"}],\"inLanguage\":\"de\"},{\"@type\":\"WebPage\",\"@id\":\"http:\/\/krankengymnastik-flensburg.de\/physio\/private-leistungen\/#webpage\",\"url\":\"http:\/\/krankengymnastik-flensburg.de\/physio\/private-leistungen\/\",\"name\":\"Private Leistungen - Physiotherapie Gorm Larsen\",\"isPartOf\":{\"@id\":\"http:\/\/krankengymnastik-flensburg.de\/physio\/#website\"},\"datePublished\":\"2014-08-28T09:37:21+00:00\",\"dateModified\":\"2021-11-14T18:22:41+00:00\",\"breadcrumb\":{\"@id\":\"http:\/\/krankengymnastik-flensburg.de\/physio\/private-leistungen\/#breadcrumb\"},\"inLanguage\":\"de\",\"potentialAction\":[{\"@type\":\"ReadAction\",\"target\":[\"http:\/\/krankengymnastik-flensburg.de\/physio\/private-leistungen\/\"]}]},{\"@type\":\"BreadcrumbList\",\"@id\":\"http:\/\/krankengymnastik-flensburg.de\/physio\/private-leistungen\/#breadcrumb\",\"itemListElement\":[{\"@type\":\"ListItem\",\"position\":1,\"name\":\"Home\",\"item\":\"http:\/\/krankengymnastik-flensburg.de\/physio\/\"},{\"@type\":\"ListItem\",\"position\":2,\"name\":\"Private Leistungen\"}]}]}<\/script>\n<!-- \/ Yoast SEO plugin. -->","yoast_head_json":{"robots":{"index":"index","follow":"follow","max-snippet":"max-snippet:-1","max-image-preview":"max-image-preview:large","max-video-preview":"max-video-preview:-1"},"canonical":"http:\/\/krankengymnastik-flensburg.de\/physio\/private-leistungen\/","og_locale":"de_DE","og_type":"article","og_title":"Private Leistungen - Physiotherapie Gorm Larsen","og_description":"Nicht alle Leistungen, welche wir in unserer Praxis erbringen, werden von den gesetzlichen Krankenkassen bezahlt. Dies betrifft leider auch aus medizinischer Sicht anerkannte und h\u00e4ufig erfolgreich angewandte Therapien, wie z.B. die osteopathischen Techniken. Um sicherzugehen, ob Ihre private Versicherung die Kosten einer Behandlung \u00fcbernimmt, fragen Sie bitte dort oder bei uns nach. Nat\u00fcrlich k\u00f6nnen Sie auch als gesetzlich Versicherter in&hellip; weiterlesen &rarr;","og_url":"http:\/\/krankengymnastik-flensburg.de\/physio\/private-leistungen\/","og_site_name":"Physiotherapie Gorm Larsen","article_modified_time":"2021-11-14T18:22:41+00:00","twitter_misc":{"Gesch\u00e4tzte Lesezeit":"1\u00a0Minute"},"schema":{"@context":"https:\/\/schema.org","@graph":[{"@type":"WebSite","@id":"http:\/\/krankengymnastik-flensburg.de\/physio\/#website","url":"http:\/\/krankengymnastik-flensburg.de\/physio\/","name":"Physiotherapie Gorm Larsen","description":"Krankengymnastik Flensburg","potentialAction":[{"@type":"SearchAction","target":{"@type":"EntryPoint","urlTemplate":"http:\/\/krankengymnastik-flensburg.de\/physio\/?s={search_term_string}"},"query-input":"required name=search_term_string"}],"inLanguage":"de"},{"@type":"WebPage","@id":"http:\/\/krankengymnastik-flensburg.de\/physio\/private-leistungen\/#webpage","url":"http:\/\/krankengymnastik-flensburg.de\/physio\/private-leistungen\/","name":"Private Leistungen - Physiotherapie Gorm Larsen","isPartOf":{"@id":"http:\/\/krankengymnastik-flensburg.de\/physio\/#website"},"datePublished":"2014-08-28T09:37:21+00:00","dateModified":"2021-11-14T18:22:41+00:00","breadcrumb":{"@id":"http:\/\/krankengymnastik-flensburg.de\/physio\/private-leistungen\/#breadcrumb"},"inLanguage":"de","potentialAction":[{"@type":"ReadAction","target":["http:\/\/krankengymnastik-flensburg.de\/physio\/private-leistungen\/"]}]},{"@type":"BreadcrumbList","@id":"http:\/\/krankengymnastik-flensburg.de\/physio\/private-leistungen\/#breadcrumb","itemListElement":[{"@type":"ListItem","position":1,"name":"Home","item":"http:\/\/krankengymnastik-flensburg.de\/physio\/"},{"@type":"ListItem","position":2,"name":"Private Leistungen"}]}]}},"_links":{"self":[{"href":"http:\/\/krankengymnastik-flensburg.de\/physio\/wp-json\/wp\/v2\/pages\/63"}],"collection":[{"href":"http:\/\/krankengymnastik-flensburg.de\/physio\/wp-json\/wp\/v2\/pages"}],"about":[{"href":"http:\/\/krankengymnastik-flensburg.de\/physio\/wp-json\/wp\/v2\/types\/page"}],"author":[{"embeddable":true,"href":"http:\/\/krankengymnastik-flensburg.de\/physio\/wp-json\/wp\/v2\/users\/1"}],"replies":[{"embeddable":true,"href":"http:\/\/krankengymnastik-flensburg.de\/physio\/wp-json\/wp\/v2\/comments?post=63"}],"version-history":[{"count":12,"href":"http:\/\/krankengymnastik-flensburg.de\/physio\/wp-json\/wp\/v2\/pages\/63\/revisions"}],"predecessor-version":[{"id":992,"href":"http:\/\/krankengymnastik-flensburg.de\/physio\/wp-json\/wp\/v2\/pages\/63\/revisions\/992"}],"wp:attachment":[{"href":"http:\/\/krankengymnastik-flensburg.de\/physio\/wp-json\/wp\/v2\/media?parent=63"}],"curies":[{"name":"wp","href":"https:\/\/api.w.org\/{rel}","templated":true}]}}