{"id":74,"date":"2014-08-28T11:39:50","date_gmt":"2014-08-28T09:39:50","guid":{"rendered":"http:\/\/krankengymnastik-flensburg.de\/cms\/?page_id=74"},"modified":"2015-01-26T11:35:29","modified_gmt":"2015-01-26T09:35:29","slug":"manuelle-lymphdrainage","status":"publish","type":"page","link":"http:\/\/krankengymnastik-flensburg.de\/physio\/manuelle-lymphdrainage\/","title":{"rendered":"Manuelle Lymphdrainage (ML)"},"content":{"rendered":"<p>Die manuelle Lymphdrainage wird in der Krankengymnastik zu den physikalischen Therapien gez\u00e4hlt. Sie kommt prim\u00e4r zur Beseitigung von \u00d6demen (Wasseransammlungen) zur Anwendung, welche z.B. nach der Behandlung von Tumoren und damit assoziierter Entfernung von Lymphgewebe auftreten. Zur Behandlung kommen aber auch andere Symptome, wie etwa Schwellungen nach Zerrungen und Verstauchungen oder Muskelfaserrissen aber beispielsweise auch Migr\u00e4ne.<\/p>\n<p>Bei der manuellen Lymphdrainage wird mittels verschiedener definierter Handgriffe das Lymphsystem aktiviert und die Durchflussrate erh\u00f6ht. Neben dem anregenden Effekt auf das lymphatische System erreicht der Therapeut au\u00dferdem eine schmerzlindernde und beruhigende Wirkung beim Patienten.<\/p>\n<p>Die Anwendung der manuellen Lymphdrainage ist Fachpersonal mit einer entsprechenden, mindestens 180 Stunden umfassenden Zusatzausbildung eines zugelassenen Institutes vorbehalten.<span class=\"Apple-converted-space\"><br \/>\n<\/span><\/p>\n<p>&nbsp;<\/p>\n","protected":false},"excerpt":{"rendered":"<p class=\"excerpt\">Die manuelle Lymphdrainage wird in der Krankengymnastik zu den physikalischen Therapien gez\u00e4hlt. Sie kommt prim\u00e4r zur Beseitigung von \u00d6demen (Wasseransammlungen) zur Anwendung, welche z.B. nach der Behandlung von Tumoren und damit assoziierter Entfernung von Lymphgewebe auftreten. Zur Behandlung kommen aber auch andere Symptome, wie etwa Schwellungen nach Zerrungen und Verstauchungen oder Muskelfaserrissen aber beispielsweise auch Migr\u00e4ne. Bei der manuellen Lymphdrainage&hellip; <a href=\"http:\/\/krankengymnastik-flensburg.de\/physio\/manuelle-lymphdrainage\/\">weiterlesen &rarr;<\/a><\/p>\n","protected":false},"author":1,"featured_media":0,"parent":0,"menu_order":0,"comment_status":"closed","ping_status":"closed","template":"","meta":[],"yoast_head":"<!-- This site is optimized with the Yoast SEO plugin v17.1 - https:\/\/yoast.com\/wordpress\/plugins\/seo\/ -->\n<meta name=\"robots\" content=\"index, follow, max-snippet:-1, max-image-preview:large, max-video-preview:-1\" \/>\n<link rel=\"canonical\" href=\"http:\/\/krankengymnastik-flensburg.de\/physio\/manuelle-lymphdrainage\/\" \/>\n<meta property=\"og:locale\" content=\"de_DE\" \/>\n<meta property=\"og:type\" content=\"article\" \/>\n<meta property=\"og:title\" content=\"Manuelle Lymphdrainage (ML) - Physiotherapie Gorm Larsen\" \/>\n<meta property=\"og:description\" content=\"Die manuelle Lymphdrainage wird in der Krankengymnastik zu den physikalischen Therapien gez\u00e4hlt. Sie kommt prim\u00e4r zur Beseitigung von \u00d6demen (Wasseransammlungen) zur Anwendung, welche z.B. nach der Behandlung von Tumoren und damit assoziierter Entfernung von Lymphgewebe auftreten. Zur Behandlung kommen aber auch andere Symptome, wie etwa Schwellungen nach Zerrungen und Verstauchungen oder Muskelfaserrissen aber beispielsweise auch Migr\u00e4ne. Bei der manuellen Lymphdrainage&hellip; weiterlesen &rarr;\" \/>\n<meta property=\"og:url\" content=\"http:\/\/krankengymnastik-flensburg.de\/physio\/manuelle-lymphdrainage\/\" \/>\n<meta property=\"og:site_name\" content=\"Physiotherapie Gorm Larsen\" \/>\n<meta property=\"article:modified_time\" content=\"2015-01-26T09:35:29+00:00\" \/>\n<meta name=\"twitter:label1\" content=\"Gesch\u00e4tzte Lesezeit\" \/>\n\t<meta name=\"twitter:data1\" content=\"1\u00a0Minute\" \/>\n<script type=\"application\/ld+json\" class=\"yoast-schema-graph\">{\"@context\":\"https:\/\/schema.org\",\"@graph\":[{\"@type\":\"WebSite\",\"@id\":\"http:\/\/krankengymnastik-flensburg.de\/physio\/#website\",\"url\":\"http:\/\/krankengymnastik-flensburg.de\/physio\/\",\"name\":\"Physiotherapie Gorm Larsen\",\"description\":\"Krankengymnastik Flensburg\",\"potentialAction\":[{\"@type\":\"SearchAction\",\"target\":{\"@type\":\"EntryPoint\",\"urlTemplate\":\"http:\/\/krankengymnastik-flensburg.de\/physio\/?s={search_term_string}\"},\"query-input\":\"required name=search_term_string\"}],\"inLanguage\":\"de\"},{\"@type\":\"WebPage\",\"@id\":\"http:\/\/krankengymnastik-flensburg.de\/physio\/manuelle-lymphdrainage\/#webpage\",\"url\":\"http:\/\/krankengymnastik-flensburg.de\/physio\/manuelle-lymphdrainage\/\",\"name\":\"Manuelle Lymphdrainage (ML) - Physiotherapie Gorm Larsen\",\"isPartOf\":{\"@id\":\"http:\/\/krankengymnastik-flensburg.de\/physio\/#website\"},\"datePublished\":\"2014-08-28T09:39:50+00:00\",\"dateModified\":\"2015-01-26T09:35:29+00:00\",\"breadcrumb\":{\"@id\":\"http:\/\/krankengymnastik-flensburg.de\/physio\/manuelle-lymphdrainage\/#breadcrumb\"},\"inLanguage\":\"de\",\"potentialAction\":[{\"@type\":\"ReadAction\",\"target\":[\"http:\/\/krankengymnastik-flensburg.de\/physio\/manuelle-lymphdrainage\/\"]}]},{\"@type\":\"BreadcrumbList\",\"@id\":\"http:\/\/krankengymnastik-flensburg.de\/physio\/manuelle-lymphdrainage\/#breadcrumb\",\"itemListElement\":[{\"@type\":\"ListItem\",\"position\":1,\"name\":\"Home\",\"item\":\"http:\/\/krankengymnastik-flensburg.de\/physio\/\"},{\"@type\":\"ListItem\",\"position\":2,\"name\":\"Manuelle Lymphdrainage (ML)\"}]}]}<\/script>\n<!-- \/ Yoast SEO plugin. -->","yoast_head_json":{"robots":{"index":"index","follow":"follow","max-snippet":"max-snippet:-1","max-image-preview":"max-image-preview:large","max-video-preview":"max-video-preview:-1"},"canonical":"http:\/\/krankengymnastik-flensburg.de\/physio\/manuelle-lymphdrainage\/","og_locale":"de_DE","og_type":"article","og_title":"Manuelle Lymphdrainage (ML) - Physiotherapie Gorm Larsen","og_description":"Die manuelle Lymphdrainage wird in der Krankengymnastik zu den physikalischen Therapien gez\u00e4hlt. Sie kommt prim\u00e4r zur Beseitigung von \u00d6demen (Wasseransammlungen) zur Anwendung, welche z.B. nach der Behandlung von Tumoren und damit assoziierter Entfernung von Lymphgewebe auftreten. Zur Behandlung kommen aber auch andere Symptome, wie etwa Schwellungen nach Zerrungen und Verstauchungen oder Muskelfaserrissen aber beispielsweise auch Migr\u00e4ne. Bei der manuellen Lymphdrainage&hellip; weiterlesen &rarr;","og_url":"http:\/\/krankengymnastik-flensburg.de\/physio\/manuelle-lymphdrainage\/","og_site_name":"Physiotherapie Gorm Larsen","article_modified_time":"2015-01-26T09:35:29+00:00","twitter_misc":{"Gesch\u00e4tzte Lesezeit":"1\u00a0Minute"},"schema":{"@context":"https:\/\/schema.org","@graph":[{"@type":"WebSite","@id":"http:\/\/krankengymnastik-flensburg.de\/physio\/#website","url":"http:\/\/krankengymnastik-flensburg.de\/physio\/","name":"Physiotherapie Gorm Larsen","description":"Krankengymnastik Flensburg","potentialAction":[{"@type":"SearchAction","target":{"@type":"EntryPoint","urlTemplate":"http:\/\/krankengymnastik-flensburg.de\/physio\/?s={search_term_string}"},"query-input":"required name=search_term_string"}],"inLanguage":"de"},{"@type":"WebPage","@id":"http:\/\/krankengymnastik-flensburg.de\/physio\/manuelle-lymphdrainage\/#webpage","url":"http:\/\/krankengymnastik-flensburg.de\/physio\/manuelle-lymphdrainage\/","name":"Manuelle Lymphdrainage (ML) - Physiotherapie Gorm Larsen","isPartOf":{"@id":"http:\/\/krankengymnastik-flensburg.de\/physio\/#website"},"datePublished":"2014-08-28T09:39:50+00:00","dateModified":"2015-01-26T09:35:29+00:00","breadcrumb":{"@id":"http:\/\/krankengymnastik-flensburg.de\/physio\/manuelle-lymphdrainage\/#breadcrumb"},"inLanguage":"de","potentialAction":[{"@type":"ReadAction","target":["http:\/\/krankengymnastik-flensburg.de\/physio\/manuelle-lymphdrainage\/"]}]},{"@type":"BreadcrumbList","@id":"http:\/\/krankengymnastik-flensburg.de\/physio\/manuelle-lymphdrainage\/#breadcrumb","itemListElement":[{"@type":"ListItem","position":1,"name":"Home","item":"http:\/\/krankengymnastik-flensburg.de\/physio\/"},{"@type":"ListItem","position":2,"name":"Manuelle Lymphdrainage (ML)"}]}]}},"_links":{"self":[{"href":"http:\/\/krankengymnastik-flensburg.de\/physio\/wp-json\/wp\/v2\/pages\/74"}],"collection":[{"href":"http:\/\/krankengymnastik-flensburg.de\/physio\/wp-json\/wp\/v2\/pages"}],"about":[{"href":"http:\/\/krankengymnastik-flensburg.de\/physio\/wp-json\/wp\/v2\/types\/page"}],"author":[{"embeddable":true,"href":"http:\/\/krankengymnastik-flensburg.de\/physio\/wp-json\/wp\/v2\/users\/1"}],"replies":[{"embeddable":true,"href":"http:\/\/krankengymnastik-flensburg.de\/physio\/wp-json\/wp\/v2\/comments?post=74"}],"version-history":[{"count":5,"href":"http:\/\/krankengymnastik-flensburg.de\/physio\/wp-json\/wp\/v2\/pages\/74\/revisions"}],"predecessor-version":[{"id":628,"href":"http:\/\/krankengymnastik-flensburg.de\/physio\/wp-json\/wp\/v2\/pages\/74\/revisions\/628"}],"wp:attachment":[{"href":"http:\/\/krankengymnastik-flensburg.de\/physio\/wp-json\/wp\/v2\/media?parent=74"}],"curies":[{"name":"wp","href":"https:\/\/api.w.org\/{rel}","templated":true}]}}