{"id":87,"date":"2014-08-28T11:41:18","date_gmt":"2014-08-28T09:41:18","guid":{"rendered":"http:\/\/krankengymnastik-flensburg.de\/cms\/?page_id=87"},"modified":"2014-10-01T11:16:03","modified_gmt":"2014-10-01T09:16:03","slug":"handtherapeut","status":"publish","type":"page","link":"http:\/\/krankengymnastik-flensburg.de\/physio\/handtherapeut\/","title":{"rendered":"Handtherapie"},"content":{"rendered":"<h2>Behandlung der H\u00e4nde<\/h2>\n<p>Die Handtherapie konzentriert sich, wie der Name vermuten l\u00e4sst, auf die Behandlung von Erkrankungen oder Verletzungen der menschlichen Hand. Ziel ist es, die schmerzfreie Funktion der H\u00e4nde (wieder)herzustellen, um dem Patienten eine m\u00f6glichst normale und eigenst\u00e4ndige Bew\u00e4ltigung allt\u00e4glicher T\u00e4tigkeiten im privaten als auch im beruflichen Umfeld zu erm\u00f6glichen.<\/p>\n<p>Als Methode kommt in der Handtherapie u.a. die <a title=\"Manuelle Therapie\" href=\"http:\/\/krankengymnastik-flensburg.de\/cms\/manuelle-therapie\/\">manuelle Therapie<\/a> zum Einsatz.<\/p>\n","protected":false},"excerpt":{"rendered":"<p class=\"excerpt\">Behandlung der H\u00e4nde Die Handtherapie konzentriert sich, wie der Name vermuten l\u00e4sst, auf die Behandlung von Erkrankungen oder Verletzungen der menschlichen Hand. Ziel ist es, die schmerzfreie Funktion der H\u00e4nde (wieder)herzustellen, um dem Patienten eine m\u00f6glichst normale und eigenst\u00e4ndige Bew\u00e4ltigung allt\u00e4glicher T\u00e4tigkeiten im privaten als auch im beruflichen Umfeld zu erm\u00f6glichen. Als Methode kommt in der Handtherapie u.a. die manuelle&hellip; <a href=\"http:\/\/krankengymnastik-flensburg.de\/physio\/handtherapeut\/\">weiterlesen &rarr;<\/a><\/p>\n","protected":false},"author":1,"featured_media":0,"parent":0,"menu_order":0,"comment_status":"closed","ping_status":"closed","template":"","meta":[],"yoast_head":"<!-- This site is optimized with the Yoast SEO plugin v17.1 - https:\/\/yoast.com\/wordpress\/plugins\/seo\/ -->\n<meta name=\"robots\" content=\"index, follow, max-snippet:-1, max-image-preview:large, max-video-preview:-1\" \/>\n<link rel=\"canonical\" href=\"http:\/\/krankengymnastik-flensburg.de\/physio\/handtherapeut\/\" \/>\n<meta property=\"og:locale\" content=\"de_DE\" \/>\n<meta property=\"og:type\" content=\"article\" \/>\n<meta property=\"og:title\" content=\"Handtherapie - Physiotherapie Gorm Larsen\" \/>\n<meta property=\"og:description\" content=\"Behandlung der H\u00e4nde Die Handtherapie konzentriert sich, wie der Name vermuten l\u00e4sst, auf die Behandlung von Erkrankungen oder Verletzungen der menschlichen Hand. Ziel ist es, die schmerzfreie Funktion der H\u00e4nde (wieder)herzustellen, um dem Patienten eine m\u00f6glichst normale und eigenst\u00e4ndige Bew\u00e4ltigung allt\u00e4glicher T\u00e4tigkeiten im privaten als auch im beruflichen Umfeld zu erm\u00f6glichen. Als Methode kommt in der Handtherapie u.a. die manuelle&hellip; weiterlesen &rarr;\" \/>\n<meta property=\"og:url\" content=\"http:\/\/krankengymnastik-flensburg.de\/physio\/handtherapeut\/\" \/>\n<meta property=\"og:site_name\" content=\"Physiotherapie Gorm Larsen\" \/>\n<meta property=\"article:modified_time\" content=\"2014-10-01T09:16:03+00:00\" \/>\n<script type=\"application\/ld+json\" class=\"yoast-schema-graph\">{\"@context\":\"https:\/\/schema.org\",\"@graph\":[{\"@type\":\"WebSite\",\"@id\":\"http:\/\/krankengymnastik-flensburg.de\/physio\/#website\",\"url\":\"http:\/\/krankengymnastik-flensburg.de\/physio\/\",\"name\":\"Physiotherapie Gorm Larsen\",\"description\":\"Krankengymnastik Flensburg\",\"potentialAction\":[{\"@type\":\"SearchAction\",\"target\":{\"@type\":\"EntryPoint\",\"urlTemplate\":\"http:\/\/krankengymnastik-flensburg.de\/physio\/?s={search_term_string}\"},\"query-input\":\"required name=search_term_string\"}],\"inLanguage\":\"de\"},{\"@type\":\"WebPage\",\"@id\":\"http:\/\/krankengymnastik-flensburg.de\/physio\/handtherapeut\/#webpage\",\"url\":\"http:\/\/krankengymnastik-flensburg.de\/physio\/handtherapeut\/\",\"name\":\"Handtherapie - Physiotherapie Gorm Larsen\",\"isPartOf\":{\"@id\":\"http:\/\/krankengymnastik-flensburg.de\/physio\/#website\"},\"datePublished\":\"2014-08-28T09:41:18+00:00\",\"dateModified\":\"2014-10-01T09:16:03+00:00\",\"breadcrumb\":{\"@id\":\"http:\/\/krankengymnastik-flensburg.de\/physio\/handtherapeut\/#breadcrumb\"},\"inLanguage\":\"de\",\"potentialAction\":[{\"@type\":\"ReadAction\",\"target\":[\"http:\/\/krankengymnastik-flensburg.de\/physio\/handtherapeut\/\"]}]},{\"@type\":\"BreadcrumbList\",\"@id\":\"http:\/\/krankengymnastik-flensburg.de\/physio\/handtherapeut\/#breadcrumb\",\"itemListElement\":[{\"@type\":\"ListItem\",\"position\":1,\"name\":\"Home\",\"item\":\"http:\/\/krankengymnastik-flensburg.de\/physio\/\"},{\"@type\":\"ListItem\",\"position\":2,\"name\":\"Handtherapie\"}]}]}<\/script>\n<!-- \/ Yoast SEO plugin. -->","yoast_head_json":{"robots":{"index":"index","follow":"follow","max-snippet":"max-snippet:-1","max-image-preview":"max-image-preview:large","max-video-preview":"max-video-preview:-1"},"canonical":"http:\/\/krankengymnastik-flensburg.de\/physio\/handtherapeut\/","og_locale":"de_DE","og_type":"article","og_title":"Handtherapie - Physiotherapie Gorm Larsen","og_description":"Behandlung der H\u00e4nde Die Handtherapie konzentriert sich, wie der Name vermuten l\u00e4sst, auf die Behandlung von Erkrankungen oder Verletzungen der menschlichen Hand. Ziel ist es, die schmerzfreie Funktion der H\u00e4nde (wieder)herzustellen, um dem Patienten eine m\u00f6glichst normale und eigenst\u00e4ndige Bew\u00e4ltigung allt\u00e4glicher T\u00e4tigkeiten im privaten als auch im beruflichen Umfeld zu erm\u00f6glichen. Als Methode kommt in der Handtherapie u.a. die manuelle&hellip; weiterlesen &rarr;","og_url":"http:\/\/krankengymnastik-flensburg.de\/physio\/handtherapeut\/","og_site_name":"Physiotherapie Gorm Larsen","article_modified_time":"2014-10-01T09:16:03+00:00","schema":{"@context":"https:\/\/schema.org","@graph":[{"@type":"WebSite","@id":"http:\/\/krankengymnastik-flensburg.de\/physio\/#website","url":"http:\/\/krankengymnastik-flensburg.de\/physio\/","name":"Physiotherapie Gorm Larsen","description":"Krankengymnastik Flensburg","potentialAction":[{"@type":"SearchAction","target":{"@type":"EntryPoint","urlTemplate":"http:\/\/krankengymnastik-flensburg.de\/physio\/?s={search_term_string}"},"query-input":"required name=search_term_string"}],"inLanguage":"de"},{"@type":"WebPage","@id":"http:\/\/krankengymnastik-flensburg.de\/physio\/handtherapeut\/#webpage","url":"http:\/\/krankengymnastik-flensburg.de\/physio\/handtherapeut\/","name":"Handtherapie - Physiotherapie Gorm Larsen","isPartOf":{"@id":"http:\/\/krankengymnastik-flensburg.de\/physio\/#website"},"datePublished":"2014-08-28T09:41:18+00:00","dateModified":"2014-10-01T09:16:03+00:00","breadcrumb":{"@id":"http:\/\/krankengymnastik-flensburg.de\/physio\/handtherapeut\/#breadcrumb"},"inLanguage":"de","potentialAction":[{"@type":"ReadAction","target":["http:\/\/krankengymnastik-flensburg.de\/physio\/handtherapeut\/"]}]},{"@type":"BreadcrumbList","@id":"http:\/\/krankengymnastik-flensburg.de\/physio\/handtherapeut\/#breadcrumb","itemListElement":[{"@type":"ListItem","position":1,"name":"Home","item":"http:\/\/krankengymnastik-flensburg.de\/physio\/"},{"@type":"ListItem","position":2,"name":"Handtherapie"}]}]}},"_links":{"self":[{"href":"http:\/\/krankengymnastik-flensburg.de\/physio\/wp-json\/wp\/v2\/pages\/87"}],"collection":[{"href":"http:\/\/krankengymnastik-flensburg.de\/physio\/wp-json\/wp\/v2\/pages"}],"about":[{"href":"http:\/\/krankengymnastik-flensburg.de\/physio\/wp-json\/wp\/v2\/types\/page"}],"author":[{"embeddable":true,"href":"http:\/\/krankengymnastik-flensburg.de\/physio\/wp-json\/wp\/v2\/users\/1"}],"replies":[{"embeddable":true,"href":"http:\/\/krankengymnastik-flensburg.de\/physio\/wp-json\/wp\/v2\/comments?post=87"}],"version-history":[{"count":4,"href":"http:\/\/krankengymnastik-flensburg.de\/physio\/wp-json\/wp\/v2\/pages\/87\/revisions"}],"predecessor-version":[{"id":225,"href":"http:\/\/krankengymnastik-flensburg.de\/physio\/wp-json\/wp\/v2\/pages\/87\/revisions\/225"}],"wp:attachment":[{"href":"http:\/\/krankengymnastik-flensburg.de\/physio\/wp-json\/wp\/v2\/media?parent=87"}],"curies":[{"name":"wp","href":"https:\/\/api.w.org\/{rel}","templated":true}]}}