{"id":93,"date":"2014-08-28T11:42:22","date_gmt":"2014-08-28T09:42:22","guid":{"rendered":"http:\/\/krankengymnastik-flensburg.de\/cms\/?page_id=93"},"modified":"2014-10-07T12:45:18","modified_gmt":"2014-10-07T10:45:18","slug":"faszientherapie","status":"publish","type":"page","link":"http:\/\/krankengymnastik-flensburg.de\/physio\/faszientherapie\/","title":{"rendered":"Faszientherapie"},"content":{"rendered":"<h2>Faszinierende Faszien<\/h2>\n<p>Der Begriff Faszie enstammt dem lateinischen Wort &#8222;fascia&#8220;, was Band oder B\u00fcndel bedeutet, und bezeichnet das Bindegewebe des K\u00f6rpers. Die Bedeutung der Faszien wurde in der Medizin und Physiotherapie lange untersch\u00e4tzt. Sie bilden ein k\u00f6rperweites Netzwerk, bestehend aus Sehnen, B\u00e4ndern, Gelenkkapseln und fl\u00e4chigen, festen Gewebeschichten, und vereinen die Teile des K\u00f6rpers zu einem Ganzen, stabilisieren und sch\u00fctzen ihn.<\/p>\n<p>Das Bindegewebe hat dar\u00fcber hinaus eine wesentliche Funktion bei der interzellul\u00e4ren Kommunikation und sogar der Abwehr von Krankheitserregern. Sind Faszien verletzt oder aufgrund falscher oder mangelnder Bewegung in ihrem Verbund gest\u00f6rt &#8211; man spricht auch von &#8222;verfilzten Faszien&#8220; &#8211; kann die Faszientherapie Abhilfe schaffen; ein erster Therapieerfolg stellt sich dabei oft nach bereits einer Sitzung ein.<\/p>\n<p>\u00c4hnlich anderer physiotherapeutischen Methoden aus dem Bereich der manuellen Therapien bedient sich der Therapeut bei der Faszientherapie bestimmter Handgriffe und Massagetechniken, welche sich aber nicht den Muskeln sondern dem Bindegewebe, den Faszien widmen. Zur Behandlung kommen akute Symptome, welche z.B. durch Sportverletzungen verursacht werden aber auch chronische Befunde, wie etwa R\u00fccken- oder Nackenschmerzen sowie Taubheits- oder Schw\u00e4chegef\u00fchle.<\/p>\n<p>&nbsp;<\/p>\n<p>&nbsp;<\/p>\n","protected":false},"excerpt":{"rendered":"<p class=\"excerpt\">Faszinierende Faszien Der Begriff Faszie enstammt dem lateinischen Wort &#8222;fascia&#8220;, was Band oder B\u00fcndel bedeutet, und bezeichnet das Bindegewebe des K\u00f6rpers. Die Bedeutung der Faszien wurde in der Medizin und Physiotherapie lange untersch\u00e4tzt. Sie bilden ein k\u00f6rperweites Netzwerk, bestehend aus Sehnen, B\u00e4ndern, Gelenkkapseln und fl\u00e4chigen, festen Gewebeschichten, und vereinen die Teile des K\u00f6rpers zu einem Ganzen, stabilisieren und sch\u00fctzen ihn.&hellip; <a href=\"http:\/\/krankengymnastik-flensburg.de\/physio\/faszientherapie\/\">weiterlesen &rarr;<\/a><\/p>\n","protected":false},"author":1,"featured_media":0,"parent":0,"menu_order":0,"comment_status":"closed","ping_status":"closed","template":"","meta":[],"yoast_head":"<!-- This site is optimized with the Yoast SEO plugin v17.1 - https:\/\/yoast.com\/wordpress\/plugins\/seo\/ -->\n<meta name=\"robots\" content=\"index, follow, max-snippet:-1, max-image-preview:large, max-video-preview:-1\" \/>\n<link rel=\"canonical\" href=\"http:\/\/krankengymnastik-flensburg.de\/physio\/faszientherapie\/\" \/>\n<meta property=\"og:locale\" content=\"de_DE\" \/>\n<meta property=\"og:type\" content=\"article\" \/>\n<meta property=\"og:title\" content=\"Faszientherapie - Physiotherapie Gorm Larsen\" \/>\n<meta property=\"og:description\" content=\"Faszinierende Faszien Der Begriff Faszie enstammt dem lateinischen Wort &#8222;fascia&#8220;, was Band oder B\u00fcndel bedeutet, und bezeichnet das Bindegewebe des K\u00f6rpers. Die Bedeutung der Faszien wurde in der Medizin und Physiotherapie lange untersch\u00e4tzt. Sie bilden ein k\u00f6rperweites Netzwerk, bestehend aus Sehnen, B\u00e4ndern, Gelenkkapseln und fl\u00e4chigen, festen Gewebeschichten, und vereinen die Teile des K\u00f6rpers zu einem Ganzen, stabilisieren und sch\u00fctzen ihn.&hellip; weiterlesen &rarr;\" \/>\n<meta property=\"og:url\" content=\"http:\/\/krankengymnastik-flensburg.de\/physio\/faszientherapie\/\" \/>\n<meta property=\"og:site_name\" content=\"Physiotherapie Gorm Larsen\" \/>\n<meta property=\"article:modified_time\" content=\"2014-10-07T10:45:18+00:00\" \/>\n<meta name=\"twitter:label1\" content=\"Gesch\u00e4tzte Lesezeit\" \/>\n\t<meta name=\"twitter:data1\" content=\"1\u00a0Minute\" \/>\n<script type=\"application\/ld+json\" class=\"yoast-schema-graph\">{\"@context\":\"https:\/\/schema.org\",\"@graph\":[{\"@type\":\"WebSite\",\"@id\":\"http:\/\/krankengymnastik-flensburg.de\/physio\/#website\",\"url\":\"http:\/\/krankengymnastik-flensburg.de\/physio\/\",\"name\":\"Physiotherapie Gorm Larsen\",\"description\":\"Krankengymnastik Flensburg\",\"potentialAction\":[{\"@type\":\"SearchAction\",\"target\":{\"@type\":\"EntryPoint\",\"urlTemplate\":\"http:\/\/krankengymnastik-flensburg.de\/physio\/?s={search_term_string}\"},\"query-input\":\"required name=search_term_string\"}],\"inLanguage\":\"de\"},{\"@type\":\"WebPage\",\"@id\":\"http:\/\/krankengymnastik-flensburg.de\/physio\/faszientherapie\/#webpage\",\"url\":\"http:\/\/krankengymnastik-flensburg.de\/physio\/faszientherapie\/\",\"name\":\"Faszientherapie - Physiotherapie Gorm Larsen\",\"isPartOf\":{\"@id\":\"http:\/\/krankengymnastik-flensburg.de\/physio\/#website\"},\"datePublished\":\"2014-08-28T09:42:22+00:00\",\"dateModified\":\"2014-10-07T10:45:18+00:00\",\"breadcrumb\":{\"@id\":\"http:\/\/krankengymnastik-flensburg.de\/physio\/faszientherapie\/#breadcrumb\"},\"inLanguage\":\"de\",\"potentialAction\":[{\"@type\":\"ReadAction\",\"target\":[\"http:\/\/krankengymnastik-flensburg.de\/physio\/faszientherapie\/\"]}]},{\"@type\":\"BreadcrumbList\",\"@id\":\"http:\/\/krankengymnastik-flensburg.de\/physio\/faszientherapie\/#breadcrumb\",\"itemListElement\":[{\"@type\":\"ListItem\",\"position\":1,\"name\":\"Home\",\"item\":\"http:\/\/krankengymnastik-flensburg.de\/physio\/\"},{\"@type\":\"ListItem\",\"position\":2,\"name\":\"Faszientherapie\"}]}]}<\/script>\n<!-- \/ Yoast SEO plugin. -->","yoast_head_json":{"robots":{"index":"index","follow":"follow","max-snippet":"max-snippet:-1","max-image-preview":"max-image-preview:large","max-video-preview":"max-video-preview:-1"},"canonical":"http:\/\/krankengymnastik-flensburg.de\/physio\/faszientherapie\/","og_locale":"de_DE","og_type":"article","og_title":"Faszientherapie - Physiotherapie Gorm Larsen","og_description":"Faszinierende Faszien Der Begriff Faszie enstammt dem lateinischen Wort &#8222;fascia&#8220;, was Band oder B\u00fcndel bedeutet, und bezeichnet das Bindegewebe des K\u00f6rpers. Die Bedeutung der Faszien wurde in der Medizin und Physiotherapie lange untersch\u00e4tzt. Sie bilden ein k\u00f6rperweites Netzwerk, bestehend aus Sehnen, B\u00e4ndern, Gelenkkapseln und fl\u00e4chigen, festen Gewebeschichten, und vereinen die Teile des K\u00f6rpers zu einem Ganzen, stabilisieren und sch\u00fctzen ihn.&hellip; weiterlesen &rarr;","og_url":"http:\/\/krankengymnastik-flensburg.de\/physio\/faszientherapie\/","og_site_name":"Physiotherapie Gorm Larsen","article_modified_time":"2014-10-07T10:45:18+00:00","twitter_misc":{"Gesch\u00e4tzte Lesezeit":"1\u00a0Minute"},"schema":{"@context":"https:\/\/schema.org","@graph":[{"@type":"WebSite","@id":"http:\/\/krankengymnastik-flensburg.de\/physio\/#website","url":"http:\/\/krankengymnastik-flensburg.de\/physio\/","name":"Physiotherapie Gorm Larsen","description":"Krankengymnastik Flensburg","potentialAction":[{"@type":"SearchAction","target":{"@type":"EntryPoint","urlTemplate":"http:\/\/krankengymnastik-flensburg.de\/physio\/?s={search_term_string}"},"query-input":"required name=search_term_string"}],"inLanguage":"de"},{"@type":"WebPage","@id":"http:\/\/krankengymnastik-flensburg.de\/physio\/faszientherapie\/#webpage","url":"http:\/\/krankengymnastik-flensburg.de\/physio\/faszientherapie\/","name":"Faszientherapie - Physiotherapie Gorm Larsen","isPartOf":{"@id":"http:\/\/krankengymnastik-flensburg.de\/physio\/#website"},"datePublished":"2014-08-28T09:42:22+00:00","dateModified":"2014-10-07T10:45:18+00:00","breadcrumb":{"@id":"http:\/\/krankengymnastik-flensburg.de\/physio\/faszientherapie\/#breadcrumb"},"inLanguage":"de","potentialAction":[{"@type":"ReadAction","target":["http:\/\/krankengymnastik-flensburg.de\/physio\/faszientherapie\/"]}]},{"@type":"BreadcrumbList","@id":"http:\/\/krankengymnastik-flensburg.de\/physio\/faszientherapie\/#breadcrumb","itemListElement":[{"@type":"ListItem","position":1,"name":"Home","item":"http:\/\/krankengymnastik-flensburg.de\/physio\/"},{"@type":"ListItem","position":2,"name":"Faszientherapie"}]}]}},"_links":{"self":[{"href":"http:\/\/krankengymnastik-flensburg.de\/physio\/wp-json\/wp\/v2\/pages\/93"}],"collection":[{"href":"http:\/\/krankengymnastik-flensburg.de\/physio\/wp-json\/wp\/v2\/pages"}],"about":[{"href":"http:\/\/krankengymnastik-flensburg.de\/physio\/wp-json\/wp\/v2\/types\/page"}],"author":[{"embeddable":true,"href":"http:\/\/krankengymnastik-flensburg.de\/physio\/wp-json\/wp\/v2\/users\/1"}],"replies":[{"embeddable":true,"href":"http:\/\/krankengymnastik-flensburg.de\/physio\/wp-json\/wp\/v2\/comments?post=93"}],"version-history":[{"count":5,"href":"http:\/\/krankengymnastik-flensburg.de\/physio\/wp-json\/wp\/v2\/pages\/93\/revisions"}],"predecessor-version":[{"id":272,"href":"http:\/\/krankengymnastik-flensburg.de\/physio\/wp-json\/wp\/v2\/pages\/93\/revisions\/272"}],"wp:attachment":[{"href":"http:\/\/krankengymnastik-flensburg.de\/physio\/wp-json\/wp\/v2\/media?parent=93"}],"curies":[{"name":"wp","href":"https:\/\/api.w.org\/{rel}","templated":true}]}}