{"id":99,"date":"2014-08-28T11:43:22","date_gmt":"2014-08-28T09:43:22","guid":{"rendered":"http:\/\/krankengymnastik-flensburg.de\/cms\/?page_id=99"},"modified":"2014-10-02T11:43:44","modified_gmt":"2014-10-02T09:43:44","slug":"fussreflexzonenmassage","status":"publish","type":"page","link":"http:\/\/krankengymnastik-flensburg.de\/physio\/fussreflexzonenmassage\/","title":{"rendered":"Fu\u00dfreflexzonenmassage"},"content":{"rendered":"<h2>Unsere F\u00fc\u00dfe &#8211; Spiegelbild des Organismus<\/h2>\n<p>Sie tragen uns jeden Tag, ohne dass wir Ihnen gro\u00dfe Aufmerksamkeit schenken: unsere F\u00fc\u00dfe. Erst wenn sie schmerzen, zollen wir Ihnen den Respekt, der ihnen geb\u00fchrt und g\u00f6nnen Ihnen eine Pause oder gar wohltuende Massage. Aber unsere F\u00fc\u00dfe sind noch mehr und k\u00f6nnen mehr, als uns von A nach B zu bringen.<\/p>\n<p>Die Fu\u00dfreflexzonenmassage basiert auf der Annahme, dass jede K\u00f6rperregion sich in den F\u00fc\u00dfen widerspiegelt. Unsere Fu\u00dfsohlen sind von einem dichten Nervengeflecht durchzogen. Die sich an den Enden befindenden Sensoren nehmen Ber\u00fchrungen oder Temperaturen auf und leiten diese an das Gehirn weiter, welches die Informationen sortiert und bestimmten K\u00f6rperregionen zuordnet.<\/p>\n<p>Der Therapeut kann nun via Massage definierter Punkte an den F\u00fc\u00dfen gezielt auf diese Bereiche des K\u00f6rpers einwirken und so assoziierte St\u00f6rungen auffinden und\/ oder behandeln.<\/p>\n","protected":false},"excerpt":{"rendered":"<p class=\"excerpt\">Unsere F\u00fc\u00dfe &#8211; Spiegelbild des Organismus Sie tragen uns jeden Tag, ohne dass wir Ihnen gro\u00dfe Aufmerksamkeit schenken: unsere F\u00fc\u00dfe. Erst wenn sie schmerzen, zollen wir Ihnen den Respekt, der ihnen geb\u00fchrt und g\u00f6nnen Ihnen eine Pause oder gar wohltuende Massage. Aber unsere F\u00fc\u00dfe sind noch mehr und k\u00f6nnen mehr, als uns von A nach B zu bringen. Die Fu\u00dfreflexzonenmassage&hellip; <a href=\"http:\/\/krankengymnastik-flensburg.de\/physio\/fussreflexzonenmassage\/\">weiterlesen &rarr;<\/a><\/p>\n","protected":false},"author":1,"featured_media":0,"parent":0,"menu_order":0,"comment_status":"closed","ping_status":"closed","template":"","meta":[],"yoast_head":"<!-- This site is optimized with the Yoast SEO plugin v17.1 - https:\/\/yoast.com\/wordpress\/plugins\/seo\/ -->\n<meta name=\"robots\" content=\"index, follow, max-snippet:-1, max-image-preview:large, max-video-preview:-1\" \/>\n<link rel=\"canonical\" href=\"http:\/\/krankengymnastik-flensburg.de\/physio\/fussreflexzonenmassage\/\" \/>\n<meta property=\"og:locale\" content=\"de_DE\" \/>\n<meta property=\"og:type\" content=\"article\" \/>\n<meta property=\"og:title\" content=\"Fu\u00dfreflexzonenmassage - Physiotherapie Gorm Larsen\" \/>\n<meta property=\"og:description\" content=\"Unsere F\u00fc\u00dfe &#8211; Spiegelbild des Organismus Sie tragen uns jeden Tag, ohne dass wir Ihnen gro\u00dfe Aufmerksamkeit schenken: unsere F\u00fc\u00dfe. Erst wenn sie schmerzen, zollen wir Ihnen den Respekt, der ihnen geb\u00fchrt und g\u00f6nnen Ihnen eine Pause oder gar wohltuende Massage. Aber unsere F\u00fc\u00dfe sind noch mehr und k\u00f6nnen mehr, als uns von A nach B zu bringen. Die Fu\u00dfreflexzonenmassage&hellip; weiterlesen &rarr;\" \/>\n<meta property=\"og:url\" content=\"http:\/\/krankengymnastik-flensburg.de\/physio\/fussreflexzonenmassage\/\" \/>\n<meta property=\"og:site_name\" content=\"Physiotherapie Gorm Larsen\" \/>\n<meta property=\"article:modified_time\" content=\"2014-10-02T09:43:44+00:00\" \/>\n<meta name=\"twitter:label1\" content=\"Gesch\u00e4tzte Lesezeit\" \/>\n\t<meta name=\"twitter:data1\" content=\"1\u00a0Minute\" \/>\n<script type=\"application\/ld+json\" class=\"yoast-schema-graph\">{\"@context\":\"https:\/\/schema.org\",\"@graph\":[{\"@type\":\"WebSite\",\"@id\":\"http:\/\/krankengymnastik-flensburg.de\/physio\/#website\",\"url\":\"http:\/\/krankengymnastik-flensburg.de\/physio\/\",\"name\":\"Physiotherapie Gorm Larsen\",\"description\":\"Krankengymnastik Flensburg\",\"potentialAction\":[{\"@type\":\"SearchAction\",\"target\":{\"@type\":\"EntryPoint\",\"urlTemplate\":\"http:\/\/krankengymnastik-flensburg.de\/physio\/?s={search_term_string}\"},\"query-input\":\"required name=search_term_string\"}],\"inLanguage\":\"de\"},{\"@type\":\"WebPage\",\"@id\":\"http:\/\/krankengymnastik-flensburg.de\/physio\/fussreflexzonenmassage\/#webpage\",\"url\":\"http:\/\/krankengymnastik-flensburg.de\/physio\/fussreflexzonenmassage\/\",\"name\":\"Fu\\u00dfreflexzonenmassage - Physiotherapie Gorm Larsen\",\"isPartOf\":{\"@id\":\"http:\/\/krankengymnastik-flensburg.de\/physio\/#website\"},\"datePublished\":\"2014-08-28T09:43:22+00:00\",\"dateModified\":\"2014-10-02T09:43:44+00:00\",\"breadcrumb\":{\"@id\":\"http:\/\/krankengymnastik-flensburg.de\/physio\/fussreflexzonenmassage\/#breadcrumb\"},\"inLanguage\":\"de\",\"potentialAction\":[{\"@type\":\"ReadAction\",\"target\":[\"http:\/\/krankengymnastik-flensburg.de\/physio\/fussreflexzonenmassage\/\"]}]},{\"@type\":\"BreadcrumbList\",\"@id\":\"http:\/\/krankengymnastik-flensburg.de\/physio\/fussreflexzonenmassage\/#breadcrumb\",\"itemListElement\":[{\"@type\":\"ListItem\",\"position\":1,\"name\":\"Home\",\"item\":\"http:\/\/krankengymnastik-flensburg.de\/physio\/\"},{\"@type\":\"ListItem\",\"position\":2,\"name\":\"Fu\\u00dfreflexzonenmassage\"}]}]}<\/script>\n<!-- \/ Yoast SEO plugin. -->","yoast_head_json":{"robots":{"index":"index","follow":"follow","max-snippet":"max-snippet:-1","max-image-preview":"max-image-preview:large","max-video-preview":"max-video-preview:-1"},"canonical":"http:\/\/krankengymnastik-flensburg.de\/physio\/fussreflexzonenmassage\/","og_locale":"de_DE","og_type":"article","og_title":"Fu\u00dfreflexzonenmassage - Physiotherapie Gorm Larsen","og_description":"Unsere F\u00fc\u00dfe &#8211; Spiegelbild des Organismus Sie tragen uns jeden Tag, ohne dass wir Ihnen gro\u00dfe Aufmerksamkeit schenken: unsere F\u00fc\u00dfe. Erst wenn sie schmerzen, zollen wir Ihnen den Respekt, der ihnen geb\u00fchrt und g\u00f6nnen Ihnen eine Pause oder gar wohltuende Massage. Aber unsere F\u00fc\u00dfe sind noch mehr und k\u00f6nnen mehr, als uns von A nach B zu bringen. Die Fu\u00dfreflexzonenmassage&hellip; weiterlesen &rarr;","og_url":"http:\/\/krankengymnastik-flensburg.de\/physio\/fussreflexzonenmassage\/","og_site_name":"Physiotherapie Gorm Larsen","article_modified_time":"2014-10-02T09:43:44+00:00","twitter_misc":{"Gesch\u00e4tzte Lesezeit":"1\u00a0Minute"},"schema":{"@context":"https:\/\/schema.org","@graph":[{"@type":"WebSite","@id":"http:\/\/krankengymnastik-flensburg.de\/physio\/#website","url":"http:\/\/krankengymnastik-flensburg.de\/physio\/","name":"Physiotherapie Gorm Larsen","description":"Krankengymnastik Flensburg","potentialAction":[{"@type":"SearchAction","target":{"@type":"EntryPoint","urlTemplate":"http:\/\/krankengymnastik-flensburg.de\/physio\/?s={search_term_string}"},"query-input":"required name=search_term_string"}],"inLanguage":"de"},{"@type":"WebPage","@id":"http:\/\/krankengymnastik-flensburg.de\/physio\/fussreflexzonenmassage\/#webpage","url":"http:\/\/krankengymnastik-flensburg.de\/physio\/fussreflexzonenmassage\/","name":"Fu\u00dfreflexzonenmassage - Physiotherapie Gorm Larsen","isPartOf":{"@id":"http:\/\/krankengymnastik-flensburg.de\/physio\/#website"},"datePublished":"2014-08-28T09:43:22+00:00","dateModified":"2014-10-02T09:43:44+00:00","breadcrumb":{"@id":"http:\/\/krankengymnastik-flensburg.de\/physio\/fussreflexzonenmassage\/#breadcrumb"},"inLanguage":"de","potentialAction":[{"@type":"ReadAction","target":["http:\/\/krankengymnastik-flensburg.de\/physio\/fussreflexzonenmassage\/"]}]},{"@type":"BreadcrumbList","@id":"http:\/\/krankengymnastik-flensburg.de\/physio\/fussreflexzonenmassage\/#breadcrumb","itemListElement":[{"@type":"ListItem","position":1,"name":"Home","item":"http:\/\/krankengymnastik-flensburg.de\/physio\/"},{"@type":"ListItem","position":2,"name":"Fu\u00dfreflexzonenmassage"}]}]}},"_links":{"self":[{"href":"http:\/\/krankengymnastik-flensburg.de\/physio\/wp-json\/wp\/v2\/pages\/99"}],"collection":[{"href":"http:\/\/krankengymnastik-flensburg.de\/physio\/wp-json\/wp\/v2\/pages"}],"about":[{"href":"http:\/\/krankengymnastik-flensburg.de\/physio\/wp-json\/wp\/v2\/types\/page"}],"author":[{"embeddable":true,"href":"http:\/\/krankengymnastik-flensburg.de\/physio\/wp-json\/wp\/v2\/users\/1"}],"replies":[{"embeddable":true,"href":"http:\/\/krankengymnastik-flensburg.de\/physio\/wp-json\/wp\/v2\/comments?post=99"}],"version-history":[{"count":3,"href":"http:\/\/krankengymnastik-flensburg.de\/physio\/wp-json\/wp\/v2\/pages\/99\/revisions"}],"predecessor-version":[{"id":245,"href":"http:\/\/krankengymnastik-flensburg.de\/physio\/wp-json\/wp\/v2\/pages\/99\/revisions\/245"}],"wp:attachment":[{"href":"http:\/\/krankengymnastik-flensburg.de\/physio\/wp-json\/wp\/v2\/media?parent=99"}],"curies":[{"name":"wp","href":"https:\/\/api.w.org\/{rel}","templated":true}]}}